{"id":1028,"date":"2025-03-19T08:09:45","date_gmt":"2025-03-19T12:09:45","guid":{"rendered":"https:\/\/www.moiaussijemange.ca\/?page_id=1028"},"modified":"2025-05-22T07:06:18","modified_gmt":"2025-05-22T11:06:18","slug":"trucs-et-astuces","status":"publish","type":"page","link":"https:\/\/www.moiaussijemange.ca\/?page_id=1028","title":{"rendered":"Trucs et Astuces"},"content":{"rendered":"<h3 style=\"text-align: center;\"><strong>Premi\u00e8rement, organisez-vous. <\/strong><\/h3>\n<h3 style=\"text-align: center;\"><strong>Pr\u00e9parez-vous des repas d\u2019avance pour ne pas \u00eatre oblig\u00e9 de cuisiner <\/strong><\/h3>\n<h3 style=\"text-align: center;\"><strong>tous les jours.<\/strong><\/h3>\n<p style=\"text-align: center;\"><a href=\"https:\/\/www.moiaussijemange.ca\/?page_id=2097\"><strong>Voici une liste de trucs et astuces pour vous aider a bien r\u00e9aliser vos recettes.<\/strong><\/a><\/p>\n<p>&nbsp;<\/p>\n<p><img loading=\"lazy\" decoding=\"async\" class=\"size-full wp-image-2159 aligncenter\" src=\"https:\/\/www.moiaussijemange.ca\/wp-content\/uploads\/2025\/05\/ustensile2.png\" alt=\"\" width=\"225\" height=\"225\" srcset=\"https:\/\/www.moiaussijemange.ca\/wp-content\/uploads\/2025\/05\/ustensile2.png 225w, https:\/\/www.moiaussijemange.ca\/wp-content\/uploads\/2025\/05\/ustensile2-150x150.png 150w, https:\/\/www.moiaussijemange.ca\/wp-content\/uploads\/2025\/05\/ustensile2-100x100.png 100w\" sizes=\"auto, (max-width: 225px) 100vw, 225px\" \/><\/p>\n<p><!--StartFragment --><\/p>\n<h3 style=\"text-align: center;\"><strong>Pour r\u00e9ussir ces recettes et obtenir des textures agr\u00e9ables, utilisez un robot culinaire ou un m\u00e9langeur de bonne qualit\u00e9.<\/strong><\/h3>\n<p>&nbsp;<\/p>\n<p>Si vous n&rsquo;en avez pas, un pied m\u00e9langeur fera l&rsquo;affaire.<\/p>\n<p>Un hachoir \u00e0 viande permet de hacher finement la viande cuite avant le m\u00e9lange, facilitant une texture lisse.<\/p>\n<p>Travaillez en petites quantit\u00e9s pour mieux contr\u00f4ler la texture et \u00e9viter la surchauffe de l&rsquo;appareil.<\/p>\n<p><a href=\"https:\/\/www.moiaussijemange.ca\/?page_id=624\">J\u2019ai achet\u00e9 des moules en ligne<\/a> pour modeler les l\u00e9gumes et la viande en portions pratiques, id\u00e9ales pour la conservation et le cong\u00e9lateur.<\/p>\n<p>Sans moules, une cuill\u00e8re \u00e0 cr\u00e8me glac\u00e9e cr\u00e9e des boules bien calibr\u00e9es qui d\u00e9cong\u00e8lent uniform\u00e9ment.<\/p>\n<p>Si une sauce ou un potage est trop liquide, utilisez un \u00e9paississant comme la f\u00e9cule de ma\u00efs, la farine ou des agents du commerce.<\/p>\n<p>Pour la cong\u00e9lation, appliquez un enduit antiadh\u00e9sif ou de l\u2019huile v\u00e9g\u00e9tale dans les moules pour \u00e9viter que les aliments ne collent.<\/p>\n<p>Si vous faites des boules, placez du papier parchemin sur les t\u00f4les pour les emp\u00eacher de coller.<\/p>\n<p>Le matin, sortez du cong\u00e9lateur les aliments pr\u00e9vus pour la journ\u00e9e afin d&rsquo;\u00e9viter un r\u00e9chauffage trop brusque au micro-ondes.<\/p>\n<p>Avant de r\u00e9chauffer, retirez l\u2019eau de d\u00e9cong\u00e9lation.<\/p>\n<p><a href=\"https:\/\/www.moiaussijemange.ca\/?page_id=2097\"><strong>Et faites-vous une liste de repas que vous aimez manger.<\/strong><\/a><\/p>\n<p><img loading=\"lazy\" decoding=\"async\" class=\" wp-image-1421 aligncenter\" src=\"https:\/\/www.moiaussijemange.ca\/wp-content\/uploads\/2025\/03\/ampoule.png\" alt=\"\" width=\"199\" height=\"164\" \/><\/p>\n<h5><img loading=\"lazy\" decoding=\"async\" class=\" wp-image-1314 aligncenter\" src=\"https:\/\/www.moiaussijemange.ca\/wp-content\/uploads\/2025\/03\/equivalent-fr.png\" alt=\"\" width=\"263\" height=\"226\" \/><\/h5>\n","protected":false},"excerpt":{"rendered":"<p>Premi\u00e8rement, organisez-vous. Pr\u00e9parez-vous des repas d\u2019avance pour ne pas \u00eatre oblig\u00e9 de cuisiner tous les jours. Voici une liste de trucs et astuces pour vous aider a bien r\u00e9aliser vos recettes. &nbsp; Pour r\u00e9ussir ces recettes et obtenir des textures agr\u00e9ables, utilisez un robot culinaire ou un m\u00e9langeur de bonne qualit\u00e9. &nbsp; Si vous n&rsquo;en<span class=\"excerpt-ellipsis\">&#8230;<\/span><\/p>\n<p><a class=\"more-link\" href=\"https:\/\/www.moiaussijemange.ca\/?page_id=1028\" itemprop=\"url\">Continue Reading<\/a><\/p>\n","protected":false},"author":1,"featured_media":0,"parent":0,"menu_order":0,"comment_status":"closed","ping_status":"closed","template":"","meta":{"footnotes":""},"class_list":["post-1028","page","type-page","status-publish","hentry"],"yoast_head":"<!-- This site is optimized with the Yoast SEO Premium plugin v27.3 (Yoast SEO v27.3) - https:\/\/yoast.com\/product\/yoast-seo-premium-wordpress\/ -->\n<title>Truc et astuce recette pour cuisiner plus facilement<\/title>\n<meta name=\"description\" content=\"Apprenez des truc et astuce recette pour optimiser votre cuisine. Organisez-vous et pr\u00e9parez des repas d\u00e9licieux facilement.\" \/>\n<meta name=\"robots\" content=\"index, follow, max-snippet:-1, max-image-preview:large, max-video-preview:-1\" \/>\n<link rel=\"canonical\" href=\"https:\/\/www.moiaussijemange.ca\/?page_id=1028\" \/>\n<meta property=\"og:locale\" content=\"fr_FR\" \/>\n<meta property=\"og:type\" content=\"article\" \/>\n<meta property=\"og:title\" content=\"Trucs et Astuces\" \/>\n<meta property=\"og:description\" content=\"Apprenez des truc et astuce recette pour optimiser votre cuisine. Organisez-vous et pr\u00e9parez des repas d\u00e9licieux facilement.\" \/>\n<meta property=\"og:url\" content=\"https:\/\/www.moiaussijemange.ca\/?page_id=1028\" \/>\n<meta property=\"article:modified_time\" content=\"2025-05-22T11:06:18+00:00\" \/>\n<meta property=\"og:image\" content=\"https:\/\/www.moiaussijemange.ca\/wp-content\/uploads\/2025\/05\/ustensile2.png\" \/>\n\t<meta property=\"og:image:width\" content=\"225\" \/>\n\t<meta property=\"og:image:height\" content=\"225\" \/>\n\t<meta property=\"og:image:type\" content=\"image\/png\" \/>\n<meta name=\"twitter:card\" content=\"summary_large_image\" \/>\n<meta name=\"twitter:label1\" content=\"Dur\u00e9e de lecture estim\u00e9e\" \/>\n\t<meta name=\"twitter:data1\" content=\"2 minutes\" \/>\n<script type=\"application\/ld+json\" class=\"yoast-schema-graph\">{\"@context\":\"https:\\\/\\\/schema.org\",\"@graph\":[{\"@type\":\"WebPage\",\"@id\":\"https:\\\/\\\/www.moiaussijemange.ca\\\/?page_id=1028\",\"url\":\"https:\\\/\\\/www.moiaussijemange.ca\\\/?page_id=1028\",\"name\":\"Truc et astuce recette pour cuisiner plus facilement\",\"isPartOf\":{\"@id\":\"https:\\\/\\\/www.moiaussijemange.ca\\\/#website\"},\"primaryImageOfPage\":{\"@id\":\"https:\\\/\\\/www.moiaussijemange.ca\\\/?page_id=1028#primaryimage\"},\"image\":{\"@id\":\"https:\\\/\\\/www.moiaussijemange.ca\\\/?page_id=1028#primaryimage\"},\"thumbnailUrl\":\"https:\\\/\\\/www.moiaussijemange.ca\\\/wp-content\\\/uploads\\\/2025\\\/05\\\/ustensile2.png\",\"datePublished\":\"2025-03-19T12:09:45+00:00\",\"dateModified\":\"2025-05-22T11:06:18+00:00\",\"description\":\"Apprenez des truc et astuce recette pour optimiser votre cuisine. Organisez-vous et pr\u00e9parez des repas d\u00e9licieux facilement.\",\"breadcrumb\":{\"@id\":\"https:\\\/\\\/www.moiaussijemange.ca\\\/?page_id=1028#breadcrumb\"},\"inLanguage\":\"fr-FR\",\"potentialAction\":[{\"@type\":\"ReadAction\",\"target\":[\"https:\\\/\\\/www.moiaussijemange.ca\\\/?page_id=1028\"]}]},{\"@type\":\"ImageObject\",\"inLanguage\":\"fr-FR\",\"@id\":\"https:\\\/\\\/www.moiaussijemange.ca\\\/?page_id=1028#primaryimage\",\"url\":\"https:\\\/\\\/www.moiaussijemange.ca\\\/wp-content\\\/uploads\\\/2025\\\/05\\\/ustensile2.png\",\"contentUrl\":\"https:\\\/\\\/www.moiaussijemange.ca\\\/wp-content\\\/uploads\\\/2025\\\/05\\\/ustensile2.png\",\"width\":225,\"height\":225},{\"@type\":\"BreadcrumbList\",\"@id\":\"https:\\\/\\\/www.moiaussijemange.ca\\\/?page_id=1028#breadcrumb\",\"itemListElement\":[{\"@type\":\"ListItem\",\"position\":1,\"name\":\"Home\",\"item\":\"https:\\\/\\\/www.moiaussijemange.ca\\\/\"},{\"@type\":\"ListItem\",\"position\":2,\"name\":\"Trucs et Astuces\"}]},{\"@type\":\"WebSite\",\"@id\":\"https:\\\/\\\/www.moiaussijemange.ca\\\/#website\",\"url\":\"https:\\\/\\\/www.moiaussijemange.ca\\\/\",\"name\":\"Moi aussi je mange !\",\"description\":\"ON MANGE D&#039;ABORD AVEC LES YEUX !                                WE EAT FIRST WITH THE EYES !\",\"publisher\":{\"@id\":\"https:\\\/\\\/www.moiaussijemange.ca\\\/#\\\/schema\\\/person\\\/0368c0e0e931835f5151fe07fa2703e1\"},\"potentialAction\":[{\"@type\":\"SearchAction\",\"target\":{\"@type\":\"EntryPoint\",\"urlTemplate\":\"https:\\\/\\\/www.moiaussijemange.ca\\\/?s={search_term_string}\"},\"query-input\":{\"@type\":\"PropertyValueSpecification\",\"valueRequired\":true,\"valueName\":\"search_term_string\"}}],\"inLanguage\":\"fr-FR\"},{\"@type\":[\"Person\",\"Organization\"],\"@id\":\"https:\\\/\\\/www.moiaussijemange.ca\\\/#\\\/schema\\\/person\\\/0368c0e0e931835f5151fe07fa2703e1\",\"name\":\"France Grondin\",\"image\":{\"@type\":\"ImageObject\",\"inLanguage\":\"fr-FR\",\"@id\":\"https:\\\/\\\/www.moiaussijemange.ca\\\/wp-content\\\/uploads\\\/2025\\\/05\\\/UNE-PAGE-MOI-JE-MANGE-cover.jpg\",\"url\":\"https:\\\/\\\/www.moiaussijemange.ca\\\/wp-content\\\/uploads\\\/2025\\\/05\\\/UNE-PAGE-MOI-JE-MANGE-cover.jpg\",\"contentUrl\":\"https:\\\/\\\/www.moiaussijemange.ca\\\/wp-content\\\/uploads\\\/2025\\\/05\\\/UNE-PAGE-MOI-JE-MANGE-cover.jpg\",\"width\":2354,\"height\":1820,\"caption\":\"France Grondin\"},\"logo\":{\"@id\":\"https:\\\/\\\/www.moiaussijemange.ca\\\/wp-content\\\/uploads\\\/2025\\\/05\\\/UNE-PAGE-MOI-JE-MANGE-cover.jpg\"},\"sameAs\":[\"http:\\\/\\\/www.moiaussijemange.ca\"]}]}<\/script>\n<!-- \/ Yoast SEO Premium plugin. -->","yoast_head_json":{"title":"Truc et astuce recette pour cuisiner plus facilement","description":"Apprenez des truc et astuce recette pour optimiser votre cuisine. Organisez-vous et pr\u00e9parez des repas d\u00e9licieux facilement.","robots":{"index":"index","follow":"follow","max-snippet":"max-snippet:-1","max-image-preview":"max-image-preview:large","max-video-preview":"max-video-preview:-1"},"canonical":"https:\/\/www.moiaussijemange.ca\/?page_id=1028","og_locale":"fr_FR","og_type":"article","og_title":"Trucs et Astuces","og_description":"Apprenez des truc et astuce recette pour optimiser votre cuisine. Organisez-vous et pr\u00e9parez des repas d\u00e9licieux facilement.","og_url":"https:\/\/www.moiaussijemange.ca\/?page_id=1028","article_modified_time":"2025-05-22T11:06:18+00:00","og_image":[{"width":225,"height":225,"url":"https:\/\/www.moiaussijemange.ca\/wp-content\/uploads\/2025\/05\/ustensile2.png","type":"image\/png"}],"twitter_card":"summary_large_image","twitter_misc":{"Dur\u00e9e de lecture estim\u00e9e":"2 minutes"},"schema":{"@context":"https:\/\/schema.org","@graph":[{"@type":"WebPage","@id":"https:\/\/www.moiaussijemange.ca\/?page_id=1028","url":"https:\/\/www.moiaussijemange.ca\/?page_id=1028","name":"Truc et astuce recette pour cuisiner plus facilement","isPartOf":{"@id":"https:\/\/www.moiaussijemange.ca\/#website"},"primaryImageOfPage":{"@id":"https:\/\/www.moiaussijemange.ca\/?page_id=1028#primaryimage"},"image":{"@id":"https:\/\/www.moiaussijemange.ca\/?page_id=1028#primaryimage"},"thumbnailUrl":"https:\/\/www.moiaussijemange.ca\/wp-content\/uploads\/2025\/05\/ustensile2.png","datePublished":"2025-03-19T12:09:45+00:00","dateModified":"2025-05-22T11:06:18+00:00","description":"Apprenez des truc et astuce recette pour optimiser votre cuisine. Organisez-vous et pr\u00e9parez des repas d\u00e9licieux facilement.","breadcrumb":{"@id":"https:\/\/www.moiaussijemange.ca\/?page_id=1028#breadcrumb"},"inLanguage":"fr-FR","potentialAction":[{"@type":"ReadAction","target":["https:\/\/www.moiaussijemange.ca\/?page_id=1028"]}]},{"@type":"ImageObject","inLanguage":"fr-FR","@id":"https:\/\/www.moiaussijemange.ca\/?page_id=1028#primaryimage","url":"https:\/\/www.moiaussijemange.ca\/wp-content\/uploads\/2025\/05\/ustensile2.png","contentUrl":"https:\/\/www.moiaussijemange.ca\/wp-content\/uploads\/2025\/05\/ustensile2.png","width":225,"height":225},{"@type":"BreadcrumbList","@id":"https:\/\/www.moiaussijemange.ca\/?page_id=1028#breadcrumb","itemListElement":[{"@type":"ListItem","position":1,"name":"Home","item":"https:\/\/www.moiaussijemange.ca\/"},{"@type":"ListItem","position":2,"name":"Trucs et Astuces"}]},{"@type":"WebSite","@id":"https:\/\/www.moiaussijemange.ca\/#website","url":"https:\/\/www.moiaussijemange.ca\/","name":"Moi aussi je mange !","description":"ON MANGE D&#039;ABORD AVEC LES YEUX !                                WE EAT FIRST WITH THE EYES !","publisher":{"@id":"https:\/\/www.moiaussijemange.ca\/#\/schema\/person\/0368c0e0e931835f5151fe07fa2703e1"},"potentialAction":[{"@type":"SearchAction","target":{"@type":"EntryPoint","urlTemplate":"https:\/\/www.moiaussijemange.ca\/?s={search_term_string}"},"query-input":{"@type":"PropertyValueSpecification","valueRequired":true,"valueName":"search_term_string"}}],"inLanguage":"fr-FR"},{"@type":["Person","Organization"],"@id":"https:\/\/www.moiaussijemange.ca\/#\/schema\/person\/0368c0e0e931835f5151fe07fa2703e1","name":"France Grondin","image":{"@type":"ImageObject","inLanguage":"fr-FR","@id":"https:\/\/www.moiaussijemange.ca\/wp-content\/uploads\/2025\/05\/UNE-PAGE-MOI-JE-MANGE-cover.jpg","url":"https:\/\/www.moiaussijemange.ca\/wp-content\/uploads\/2025\/05\/UNE-PAGE-MOI-JE-MANGE-cover.jpg","contentUrl":"https:\/\/www.moiaussijemange.ca\/wp-content\/uploads\/2025\/05\/UNE-PAGE-MOI-JE-MANGE-cover.jpg","width":2354,"height":1820,"caption":"France Grondin"},"logo":{"@id":"https:\/\/www.moiaussijemange.ca\/wp-content\/uploads\/2025\/05\/UNE-PAGE-MOI-JE-MANGE-cover.jpg"},"sameAs":["http:\/\/www.moiaussijemange.ca"]}]}},"_links":{"self":[{"href":"https:\/\/www.moiaussijemange.ca\/index.php?rest_route=\/wp\/v2\/pages\/1028","targetHints":{"allow":["GET"]}}],"collection":[{"href":"https:\/\/www.moiaussijemange.ca\/index.php?rest_route=\/wp\/v2\/pages"}],"about":[{"href":"https:\/\/www.moiaussijemange.ca\/index.php?rest_route=\/wp\/v2\/types\/page"}],"author":[{"embeddable":true,"href":"https:\/\/www.moiaussijemange.ca\/index.php?rest_route=\/wp\/v2\/users\/1"}],"replies":[{"embeddable":true,"href":"https:\/\/www.moiaussijemange.ca\/index.php?rest_route=%2Fwp%2Fv2%2Fcomments&post=1028"}],"version-history":[{"count":40,"href":"https:\/\/www.moiaussijemange.ca\/index.php?rest_route=\/wp\/v2\/pages\/1028\/revisions"}],"predecessor-version":[{"id":2291,"href":"https:\/\/www.moiaussijemange.ca\/index.php?rest_route=\/wp\/v2\/pages\/1028\/revisions\/2291"}],"wp:attachment":[{"href":"https:\/\/www.moiaussijemange.ca\/index.php?rest_route=%2Fwp%2Fv2%2Fmedia&parent=1028"}],"curies":[{"name":"wp","href":"https:\/\/api.w.org\/{rel}","templated":true}]}}