{"id":1215,"date":"2025-03-13T15:17:29","date_gmt":"2025-03-13T19:17:29","guid":{"rendered":"https:\/\/www.moiaussijemange.ca\/?page_id=1215"},"modified":"2025-05-22T08:28:30","modified_gmt":"2025-05-22T12:28:30","slug":"a-propos","status":"publish","type":"page","link":"https:\/\/www.moiaussijemange.ca\/?page_id=1215","title":{"rendered":"\u00c0 Propos"},"content":{"rendered":"<h2><a href=\"https:\/\/www.moiaussijemange.ca\/?page_id=2097\"><img loading=\"lazy\" decoding=\"async\" class=\"size-medium wp-image-1608 aligncenter\" src=\"https:\/\/www.moiaussijemange.ca\/wp-content\/uploads\/2025\/04\/logo-bas-fr-300x101.png\" alt=\"\" width=\"300\" height=\"101\" srcset=\"https:\/\/www.moiaussijemange.ca\/wp-content\/uploads\/2025\/04\/logo-bas-fr-300x101.png 300w, https:\/\/www.moiaussijemange.ca\/wp-content\/uploads\/2025\/04\/logo-bas-fr.png 627w\" sizes=\"auto, (max-width: 300px) 100vw, 300px\" \/><\/a><\/h2>\n<p>&nbsp;<\/p>\n<h3 style=\"text-align: center;\"><strong><!--StartFragment -->Pouvez-vous imaginer ce que ressent une personne dysphagique lorsqu&rsquo;elle ouvre la porte du r\u00e9frig\u00e9rateur ou du garde-manger, et qu\u2019elle r\u00e9alise que d\u00e9sormais, tout ce qui s\u2019y trouve lui est interdit?<\/strong><\/h3>\n<p>&nbsp;<\/p>\n<p>La dysphagie est bien plus qu\u2019une simple contrainte alimentaire.<\/p>\n<p>C\u2019est une r\u00e9alit\u00e9 qui bouleverse profond\u00e9ment le quotidien.<\/p>\n<p>Chaque repas devient un d\u00e9fi, chaque envie de go\u00fbter \u00e0 une nouvelle saveur se heurte \u00e0 des restrictions.<\/p>\n<p>La t\u00e9l\u00e9vision regorge d\u2019\u00e9missions culinaires, de publicit\u00e9s all\u00e9chantes mettant en sc\u00e8ne des mets savoureux.<\/p>\n<p>Mais pour une personne dysphagique, tout cela n\u2019est qu\u2019une succession de rappels de ce qui n\u2019est plus possible.<\/p>\n<p>Aller \u00e0 l\u2019\u00e9picerie se transforme alors en une v\u00e9ritable \u00e9preuve o\u00f9 chaque rayon regorge de tentations inaccessibles.<\/p>\n<h3><\/h3>\n<h3 style=\"text-align: center;\"><strong>Voici mon histoire.<\/strong><\/h3>\n<p>&nbsp;<\/p>\n<p>En septembre 2022, ma vie a bascul\u00e9 \u00e0 la suite d\u2019un examen m\u00e9dical qui ne s\u2019est pas d\u00e9roul\u00e9 comme pr\u00e9vu.<\/p>\n<p>Je me suis r\u00e9veill\u00e9 en soins intensifs apr\u00e8s avoir subi une trach\u00e9otomie, suivie d\u2019une gastrostomie.<\/p>\n<p>Cette exp\u00e9rience a marqu\u00e9 un tournant irr\u00e9versible dans mon quotidien.<\/p>\n<p>Du jour au lendemain, je suis devenu dysphagique.<\/p>\n<p>Contrainte d\u2019adopter <a href=\"https:\/\/www.moiaussijemange.ca\/?page_id=2097\">une alimentation exclusivement en pur\u00e9e<\/a>, compl\u00e9t\u00e9e par une alimentation ent\u00e9rale. ( \u00b9 )<\/p>\n<p>Lorsque je suis sorti de l\u2019h\u00f4pital, apr\u00e8s 22 jours d\u2019hospitalisation, j\u2019ai rapidement \u00e9t\u00e9 confront\u00e9 \u00e0 une r\u00e9alit\u00e9 difficile.<\/p>\n<p>L\u2019absence de solutions adapt\u00e9es aux personnes dysphagiques ou souffrant de troubles de la d\u00e9glutition sur le march\u00e9.<\/p>\n<p>Il existe de nombreuses ressources pour diff\u00e9rentes conditions m\u00e9dicales.<\/p>\n<p>Pourtant lorsqu\u2019il s\u2019agit de<a href=\"https:\/\/www.moiaussijemange.ca\/?page_id=2097\"> l\u2019alimentation des personnes dysphagiques<\/a>, les options sont limit\u00e9es et souvent peu satisfaisantes.<\/p>\n<p>Face \u00e0 cette r\u00e9alit\u00e9, et port\u00e9 par ma passion pour la cuisine, j\u2019ai progressivement pris la d\u00e9cision de cr\u00e9er un recueil de <a href=\"https:\/\/www.moiaussijemange.ca\/?page_id=1031\">recettes adapt\u00e9es.<\/a><\/p>\n<p>&nbsp;<\/p>\n<h3 style=\"text-align: center;\"><strong>C\u2019est ainsi qu\u2019est n\u00e9 mon livre<\/strong><\/h3>\n<h3 style=\"text-align: center;\"><a href=\"https:\/\/www.moiaussijemange.ca\/?page_id=2097\"><strong> \u00a0\u00bbMOI AUSSI JE MANGE! \u00a0\u00bb<\/strong><\/a><\/h3>\n<p>&nbsp;<\/p>\n<p style=\"text-align: left;\"><a href=\"https:\/\/www.moiaussijemange.ca\/?page_id=1031\">Ce livre de recettes<\/a> a pour vocation de redonner le plaisir de manger \u00e0 ceux qui, comme moi, doivent composer avec une alimentation modifi\u00e9e.<\/p>\n<p style=\"text-align: left;\">Je veux offrir des alternatives gourmandes, des plats savoureux qui respectent les contraintes de la dysphagie tout en ravivant l\u2019envie de cuisiner et de partager des repas.<\/p>\n<p style=\"text-align: left;\">La dysphagie est une condition qui touche pr\u00e8s de 3 millions de Canadiens, dont 560 000 au Qu\u00e9bec.<\/p>\n<p style=\"text-align: left;\">Une personne sur 17 d\u00e9veloppera des difficult\u00e9s de d\u00e9glutition au cours de sa vie.<\/p>\n<p style=\"text-align: left;\">Chez les plus de 50 ans, cela concerne une personne sur 10.<\/p>\n<p style=\"text-align: left;\">Que ce soit \u00e0 la suite d\u2019un accident, d\u2019un cancer, d\u2019une maladie cognitive ou pour bien d\u2019autres raisons, ces troubles peuvent rendre l\u2019alimentation difficile et provoquer isolement et frustration.<\/p>\n<p><a href=\"https:\/\/www.moiaussijemange.ca\/?page_id=2097\">Avec ce livre,<\/a> mon objectif est de r\u00e9duire la frustration li\u00e9e aux repas et de rendre l\u2019alimentation plus agr\u00e9able et accessible.<\/p>\n<p>Mais au-del\u00e0 du plaisir gustatif, mon ouvrage peut \u00e9galement contribuer au maintien \u00e0 domicile des a\u00een\u00e9s dysphagiques.,<\/p>\n<p><a href=\"https:\/\/www.moiaussijemange.ca\/?page_id=2097\">Car mon livre\u00a0<\/a> leur permettra de pr\u00e9server leur autonomie et de continuer \u00e0 savourer des plats adapt\u00e9s \u00e0 leur condition.<\/p>\n<p>Parce que manger ne devrait jamais \u00eatre une source d\u2019angoisse, mais un moment de plaisir et de partage.<\/p>\n<p><strong>Et je veux que vous aussi, vous puissiez en profiter.<\/strong><\/p>\n<p>&nbsp;<\/p>\n<p><img loading=\"lazy\" decoding=\"async\" class=\"alignnone size-full wp-image-1996\" src=\"https:\/\/www.moiaussijemange.ca\/wp-content\/uploads\/2025\/05\/823_04_039_Pose_sonde_gastrostomie.jpg\" alt=\"\" width=\"215\" height=\"235\" \/> \u00a0\u00a0\u00a0\u00a0\u00a0\u00a0\u00a0\u00a0\u00a0\u00a0\u00a0\u00a0\u00a0 <img loading=\"lazy\" decoding=\"async\" class=\"alignnone size-medium wp-image-1998\" src=\"https:\/\/www.moiaussijemange.ca\/wp-content\/uploads\/2025\/05\/bouton-300x206.jpg\" alt=\"\" width=\"300\" height=\"206\" srcset=\"https:\/\/www.moiaussijemange.ca\/wp-content\/uploads\/2025\/05\/bouton-300x206.jpg 300w, https:\/\/www.moiaussijemange.ca\/wp-content\/uploads\/2025\/05\/bouton-768x527.jpg 768w, https:\/\/www.moiaussijemange.ca\/wp-content\/uploads\/2025\/05\/bouton-600x412.jpg 600w, https:\/\/www.moiaussijemange.ca\/wp-content\/uploads\/2025\/05\/bouton.jpg 985w\" sizes=\"auto, (max-width: 300px) 100vw, 300px\" \/><\/p>\n<p>( \u00b9 ) Apr\u00e8s une gastrostomie l&rsquo;alimentation ent\u00e9rale se fait a l&rsquo;aide de seringue et de rallonge.<\/p>\n<p>( Une gastrostomie est un tube directement ins\u00e9r\u00e9 dans votre estomac et qui ressort \u00e0 travers une petite incision pratiqu\u00e9e sur votre peau.<\/p>\n<p>La gastrostomie va vous permettre de vous alimenter et de vous hydrater ad\u00e9quatement.)<\/p>\n<p><img loading=\"lazy\" decoding=\"async\" class=\"size-full wp-image-2224 aligncenter\" src=\"https:\/\/www.moiaussijemange.ca\/wp-content\/uploads\/2025\/05\/usten4.png\" alt=\"\" width=\"160\" height=\"148\" \/><\/p>\n<p><!--EndFragment --><\/p>\n","protected":false},"excerpt":{"rendered":"<p>&nbsp; Pouvez-vous imaginer ce que ressent une personne dysphagique lorsqu&rsquo;elle ouvre la porte du r\u00e9frig\u00e9rateur ou du garde-manger, et qu\u2019elle r\u00e9alise que d\u00e9sormais, tout ce qui s\u2019y trouve lui est interdit? &nbsp; La dysphagie est bien plus qu\u2019une simple contrainte alimentaire. C\u2019est une r\u00e9alit\u00e9 qui bouleverse profond\u00e9ment le quotidien. Chaque repas devient un d\u00e9fi, chaque<span class=\"excerpt-ellipsis\">&#8230;<\/span><\/p>\n<p><a class=\"more-link\" href=\"https:\/\/www.moiaussijemange.ca\/?page_id=1215\" itemprop=\"url\">Continue Reading<\/a><\/p>\n","protected":false},"author":1,"featured_media":0,"parent":713,"menu_order":0,"comment_status":"closed","ping_status":"closed","template":"","meta":{"footnotes":""},"class_list":["post-1215","page","type-page","status-publish","hentry"],"yoast_head":"<!-- This site is optimized with the Yoast SEO Premium plugin v27.3 (Yoast SEO v27.3) - https:\/\/yoast.com\/product\/yoast-seo-premium-wordpress\/ -->\n<title>A propos de mon histoire et de ma passion pour la cuisine<\/title>\n<meta name=\"description\" content=\"Apr\u00e8s des d\u00e9fis de sant\u00e9, explorez comment j&#039;ai con\u00e7u des recettes accessibles \u00e0 tous, incluant ceux qui souffrent de dysphagie.\" \/>\n<meta name=\"robots\" content=\"index, follow, max-snippet:-1, max-image-preview:large, max-video-preview:-1\" \/>\n<link rel=\"canonical\" href=\"https:\/\/www.moiaussijemange.ca\/?page_id=1215\" \/>\n<meta property=\"og:locale\" content=\"fr_FR\" \/>\n<meta property=\"og:type\" content=\"article\" \/>\n<meta property=\"og:title\" content=\"\u00c0 Propos\" \/>\n<meta property=\"og:description\" content=\"Apr\u00e8s des d\u00e9fis de sant\u00e9, explorez comment j&#039;ai con\u00e7u des recettes accessibles \u00e0 tous, incluant ceux qui souffrent de dysphagie.\" \/>\n<meta property=\"og:url\" content=\"https:\/\/www.moiaussijemange.ca\/?page_id=1215\" \/>\n<meta property=\"article:modified_time\" content=\"2025-05-22T12:28:30+00:00\" \/>\n<meta property=\"og:image\" content=\"https:\/\/www.moiaussijemange.ca\/wp-content\/uploads\/2025\/04\/logo-bas-fr.png\" \/>\n\t<meta property=\"og:image:width\" content=\"627\" \/>\n\t<meta property=\"og:image:height\" content=\"211\" \/>\n\t<meta property=\"og:image:type\" content=\"image\/png\" \/>\n<meta name=\"twitter:card\" content=\"summary_large_image\" \/>\n<meta name=\"twitter:label1\" content=\"Dur\u00e9e de lecture estim\u00e9e\" \/>\n\t<meta name=\"twitter:data1\" content=\"4 minutes\" \/>\n<script type=\"application\/ld+json\" class=\"yoast-schema-graph\">{\"@context\":\"https:\\\/\\\/schema.org\",\"@graph\":[{\"@type\":\"WebPage\",\"@id\":\"https:\\\/\\\/www.moiaussijemange.ca\\\/?page_id=1215\",\"url\":\"https:\\\/\\\/www.moiaussijemange.ca\\\/?page_id=1215\",\"name\":\"A propos de mon histoire et de ma passion pour la cuisine\",\"isPartOf\":{\"@id\":\"https:\\\/\\\/www.moiaussijemange.ca\\\/#website\"},\"primaryImageOfPage\":{\"@id\":\"https:\\\/\\\/www.moiaussijemange.ca\\\/?page_id=1215#primaryimage\"},\"image\":{\"@id\":\"https:\\\/\\\/www.moiaussijemange.ca\\\/?page_id=1215#primaryimage\"},\"thumbnailUrl\":\"https:\\\/\\\/www.moiaussijemange.ca\\\/wp-content\\\/uploads\\\/2025\\\/04\\\/logo-bas-fr-300x101.png\",\"datePublished\":\"2025-03-13T19:17:29+00:00\",\"dateModified\":\"2025-05-22T12:28:30+00:00\",\"description\":\"Apr\u00e8s des d\u00e9fis de sant\u00e9, explorez comment j'ai con\u00e7u des recettes accessibles \u00e0 tous, incluant ceux qui souffrent de dysphagie.\",\"breadcrumb\":{\"@id\":\"https:\\\/\\\/www.moiaussijemange.ca\\\/?page_id=1215#breadcrumb\"},\"inLanguage\":\"fr-FR\",\"potentialAction\":[{\"@type\":\"ReadAction\",\"target\":[\"https:\\\/\\\/www.moiaussijemange.ca\\\/?page_id=1215\"]}]},{\"@type\":\"ImageObject\",\"inLanguage\":\"fr-FR\",\"@id\":\"https:\\\/\\\/www.moiaussijemange.ca\\\/?page_id=1215#primaryimage\",\"url\":\"https:\\\/\\\/www.moiaussijemange.ca\\\/wp-content\\\/uploads\\\/2025\\\/04\\\/logo-bas-fr.png\",\"contentUrl\":\"https:\\\/\\\/www.moiaussijemange.ca\\\/wp-content\\\/uploads\\\/2025\\\/04\\\/logo-bas-fr.png\",\"width\":627,\"height\":211},{\"@type\":\"BreadcrumbList\",\"@id\":\"https:\\\/\\\/www.moiaussijemange.ca\\\/?page_id=1215#breadcrumb\",\"itemListElement\":[{\"@type\":\"ListItem\",\"position\":1,\"name\":\"Home\",\"item\":\"https:\\\/\\\/www.moiaussijemange.ca\\\/\"},{\"@type\":\"ListItem\",\"position\":2,\"name\":\"La dysphagie c&rsquo;est quoi ?\",\"item\":\"https:\\\/\\\/www.moiaussijemange.ca\\\/?page_id=713\"},{\"@type\":\"ListItem\",\"position\":3,\"name\":\"\u00c0 Propos\"}]},{\"@type\":\"WebSite\",\"@id\":\"https:\\\/\\\/www.moiaussijemange.ca\\\/#website\",\"url\":\"https:\\\/\\\/www.moiaussijemange.ca\\\/\",\"name\":\"Moi aussi je mange !\",\"description\":\"ON MANGE D&#039;ABORD AVEC LES YEUX !                                WE EAT FIRST WITH THE EYES !\",\"publisher\":{\"@id\":\"https:\\\/\\\/www.moiaussijemange.ca\\\/#\\\/schema\\\/person\\\/0368c0e0e931835f5151fe07fa2703e1\"},\"potentialAction\":[{\"@type\":\"SearchAction\",\"target\":{\"@type\":\"EntryPoint\",\"urlTemplate\":\"https:\\\/\\\/www.moiaussijemange.ca\\\/?s={search_term_string}\"},\"query-input\":{\"@type\":\"PropertyValueSpecification\",\"valueRequired\":true,\"valueName\":\"search_term_string\"}}],\"inLanguage\":\"fr-FR\"},{\"@type\":[\"Person\",\"Organization\"],\"@id\":\"https:\\\/\\\/www.moiaussijemange.ca\\\/#\\\/schema\\\/person\\\/0368c0e0e931835f5151fe07fa2703e1\",\"name\":\"France Grondin\",\"image\":{\"@type\":\"ImageObject\",\"inLanguage\":\"fr-FR\",\"@id\":\"https:\\\/\\\/www.moiaussijemange.ca\\\/wp-content\\\/uploads\\\/2025\\\/05\\\/UNE-PAGE-MOI-JE-MANGE-cover.jpg\",\"url\":\"https:\\\/\\\/www.moiaussijemange.ca\\\/wp-content\\\/uploads\\\/2025\\\/05\\\/UNE-PAGE-MOI-JE-MANGE-cover.jpg\",\"contentUrl\":\"https:\\\/\\\/www.moiaussijemange.ca\\\/wp-content\\\/uploads\\\/2025\\\/05\\\/UNE-PAGE-MOI-JE-MANGE-cover.jpg\",\"width\":2354,\"height\":1820,\"caption\":\"France Grondin\"},\"logo\":{\"@id\":\"https:\\\/\\\/www.moiaussijemange.ca\\\/wp-content\\\/uploads\\\/2025\\\/05\\\/UNE-PAGE-MOI-JE-MANGE-cover.jpg\"},\"sameAs\":[\"http:\\\/\\\/www.moiaussijemange.ca\"]}]}<\/script>\n<!-- \/ Yoast SEO Premium plugin. -->","yoast_head_json":{"title":"A propos de mon histoire et de ma passion pour la cuisine","description":"Apr\u00e8s des d\u00e9fis de sant\u00e9, explorez comment j'ai con\u00e7u des recettes accessibles \u00e0 tous, incluant ceux qui souffrent de dysphagie.","robots":{"index":"index","follow":"follow","max-snippet":"max-snippet:-1","max-image-preview":"max-image-preview:large","max-video-preview":"max-video-preview:-1"},"canonical":"https:\/\/www.moiaussijemange.ca\/?page_id=1215","og_locale":"fr_FR","og_type":"article","og_title":"\u00c0 Propos","og_description":"Apr\u00e8s des d\u00e9fis de sant\u00e9, explorez comment j'ai con\u00e7u des recettes accessibles \u00e0 tous, incluant ceux qui souffrent de dysphagie.","og_url":"https:\/\/www.moiaussijemange.ca\/?page_id=1215","article_modified_time":"2025-05-22T12:28:30+00:00","og_image":[{"width":627,"height":211,"url":"https:\/\/www.moiaussijemange.ca\/wp-content\/uploads\/2025\/04\/logo-bas-fr.png","type":"image\/png"}],"twitter_card":"summary_large_image","twitter_misc":{"Dur\u00e9e de lecture estim\u00e9e":"4 minutes"},"schema":{"@context":"https:\/\/schema.org","@graph":[{"@type":"WebPage","@id":"https:\/\/www.moiaussijemange.ca\/?page_id=1215","url":"https:\/\/www.moiaussijemange.ca\/?page_id=1215","name":"A propos de mon histoire et de ma passion pour la cuisine","isPartOf":{"@id":"https:\/\/www.moiaussijemange.ca\/#website"},"primaryImageOfPage":{"@id":"https:\/\/www.moiaussijemange.ca\/?page_id=1215#primaryimage"},"image":{"@id":"https:\/\/www.moiaussijemange.ca\/?page_id=1215#primaryimage"},"thumbnailUrl":"https:\/\/www.moiaussijemange.ca\/wp-content\/uploads\/2025\/04\/logo-bas-fr-300x101.png","datePublished":"2025-03-13T19:17:29+00:00","dateModified":"2025-05-22T12:28:30+00:00","description":"Apr\u00e8s des d\u00e9fis de sant\u00e9, explorez comment j'ai con\u00e7u des recettes accessibles \u00e0 tous, incluant ceux qui souffrent de dysphagie.","breadcrumb":{"@id":"https:\/\/www.moiaussijemange.ca\/?page_id=1215#breadcrumb"},"inLanguage":"fr-FR","potentialAction":[{"@type":"ReadAction","target":["https:\/\/www.moiaussijemange.ca\/?page_id=1215"]}]},{"@type":"ImageObject","inLanguage":"fr-FR","@id":"https:\/\/www.moiaussijemange.ca\/?page_id=1215#primaryimage","url":"https:\/\/www.moiaussijemange.ca\/wp-content\/uploads\/2025\/04\/logo-bas-fr.png","contentUrl":"https:\/\/www.moiaussijemange.ca\/wp-content\/uploads\/2025\/04\/logo-bas-fr.png","width":627,"height":211},{"@type":"BreadcrumbList","@id":"https:\/\/www.moiaussijemange.ca\/?page_id=1215#breadcrumb","itemListElement":[{"@type":"ListItem","position":1,"name":"Home","item":"https:\/\/www.moiaussijemange.ca\/"},{"@type":"ListItem","position":2,"name":"La dysphagie c&rsquo;est quoi ?","item":"https:\/\/www.moiaussijemange.ca\/?page_id=713"},{"@type":"ListItem","position":3,"name":"\u00c0 Propos"}]},{"@type":"WebSite","@id":"https:\/\/www.moiaussijemange.ca\/#website","url":"https:\/\/www.moiaussijemange.ca\/","name":"Moi aussi je mange !","description":"ON MANGE D&#039;ABORD AVEC LES YEUX !                                WE EAT FIRST WITH THE EYES !","publisher":{"@id":"https:\/\/www.moiaussijemange.ca\/#\/schema\/person\/0368c0e0e931835f5151fe07fa2703e1"},"potentialAction":[{"@type":"SearchAction","target":{"@type":"EntryPoint","urlTemplate":"https:\/\/www.moiaussijemange.ca\/?s={search_term_string}"},"query-input":{"@type":"PropertyValueSpecification","valueRequired":true,"valueName":"search_term_string"}}],"inLanguage":"fr-FR"},{"@type":["Person","Organization"],"@id":"https:\/\/www.moiaussijemange.ca\/#\/schema\/person\/0368c0e0e931835f5151fe07fa2703e1","name":"France Grondin","image":{"@type":"ImageObject","inLanguage":"fr-FR","@id":"https:\/\/www.moiaussijemange.ca\/wp-content\/uploads\/2025\/05\/UNE-PAGE-MOI-JE-MANGE-cover.jpg","url":"https:\/\/www.moiaussijemange.ca\/wp-content\/uploads\/2025\/05\/UNE-PAGE-MOI-JE-MANGE-cover.jpg","contentUrl":"https:\/\/www.moiaussijemange.ca\/wp-content\/uploads\/2025\/05\/UNE-PAGE-MOI-JE-MANGE-cover.jpg","width":2354,"height":1820,"caption":"France Grondin"},"logo":{"@id":"https:\/\/www.moiaussijemange.ca\/wp-content\/uploads\/2025\/05\/UNE-PAGE-MOI-JE-MANGE-cover.jpg"},"sameAs":["http:\/\/www.moiaussijemange.ca"]}]}},"_links":{"self":[{"href":"https:\/\/www.moiaussijemange.ca\/index.php?rest_route=\/wp\/v2\/pages\/1215","targetHints":{"allow":["GET"]}}],"collection":[{"href":"https:\/\/www.moiaussijemange.ca\/index.php?rest_route=\/wp\/v2\/pages"}],"about":[{"href":"https:\/\/www.moiaussijemange.ca\/index.php?rest_route=\/wp\/v2\/types\/page"}],"author":[{"embeddable":true,"href":"https:\/\/www.moiaussijemange.ca\/index.php?rest_route=\/wp\/v2\/users\/1"}],"replies":[{"embeddable":true,"href":"https:\/\/www.moiaussijemange.ca\/index.php?rest_route=%2Fwp%2Fv2%2Fcomments&post=1215"}],"version-history":[{"count":40,"href":"https:\/\/www.moiaussijemange.ca\/index.php?rest_route=\/wp\/v2\/pages\/1215\/revisions"}],"predecessor-version":[{"id":2303,"href":"https:\/\/www.moiaussijemange.ca\/index.php?rest_route=\/wp\/v2\/pages\/1215\/revisions\/2303"}],"up":[{"embeddable":true,"href":"https:\/\/www.moiaussijemange.ca\/index.php?rest_route=\/wp\/v2\/pages\/713"}],"wp:attachment":[{"href":"https:\/\/www.moiaussijemange.ca\/index.php?rest_route=%2Fwp%2Fv2%2Fmedia&parent=1215"}],"curies":[{"name":"wp","href":"https:\/\/api.w.org\/{rel}","templated":true}]}}