{"id":1225,"date":"2025-01-06T17:38:41","date_gmt":"2025-01-06T21:38:41","guid":{"rendered":"https:\/\/www.moiaussijemange.ca\/?page_id=1225"},"modified":"2025-05-22T08:37:14","modified_gmt":"2025-05-22T12:37:14","slug":"moi-aussi-je-mange","status":"publish","type":"page","link":"https:\/\/www.moiaussijemange.ca\/?page_id=1225","title":{"rendered":"Contactez moi"},"content":{"rendered":"<h4 style=\"text-align: left;\"><!--StartFragment --><\/h4>\n<p><img loading=\"lazy\" decoding=\"async\" class=\"size-full wp-image-2159 aligncenter\" src=\"https:\/\/www.moiaussijemange.ca\/wp-content\/uploads\/2025\/05\/ustensile2.png\" alt=\"\" width=\"225\" height=\"225\" srcset=\"https:\/\/www.moiaussijemange.ca\/wp-content\/uploads\/2025\/05\/ustensile2.png 225w, https:\/\/www.moiaussijemange.ca\/wp-content\/uploads\/2025\/05\/ustensile2-150x150.png 150w, https:\/\/www.moiaussijemange.ca\/wp-content\/uploads\/2025\/05\/ustensile2-100x100.png 100w\" sizes=\"auto, (max-width: 225px) 100vw, 225px\" \/><\/p>\n<h3 style=\"text-align: center;\"><strong>La cuisine est un art qui se partage, une source infinie de plaisir et de d\u00e9couverte.<\/strong><\/h3>\n<p>&nbsp;<\/p>\n<p>Chaque <a href=\"https:\/\/www.moiaussijemange.ca\/?page_id=1031\">recette pur\u00e9e<\/a> que je propose dans mon livre \u00a0\u00bb <a href=\"https:\/\/www.moiaussijemange.ca\/?page_id=2097\">Moi aussi je mange<\/a> \u00a0\u00bb est con\u00e7ue pour \u00eatre simple \u00e0 r\u00e9aliser, avec des ingr\u00e9dients accessibles et des \u00e9tapes claires.<\/p>\n<p>Que vous soyez d\u00e9butant ou passionn\u00e9, ces id\u00e9es culinaires sauront \u00e9veiller votre cr\u00e9ativit\u00e9 et enrichir votre exp\u00e9rience en cuisine.<\/p>\n<p><a href=\"https:\/\/www.moiaussijemange.ca\/?page_id=1028\">Vous avez une question sur une technique particuli\u00e8re ou un ingr\u00e9dient<\/a> ?<\/p>\n<p>Peut-\u00eatre avez-vous <a href=\"https:\/\/www.moiaussijemange.ca\/?page_id=1789\">un commentaire<\/a> sur une pr\u00e9paration que vous avez test\u00e9e ?<\/p>\n<p>&nbsp;<\/p>\n<h3 style=\"text-align: center;\"><strong>Votre avis m\u2019int\u00e9resse !<\/strong><\/h3>\n<p>&nbsp;<\/p>\n<p>Je suis toujours ravi d\u2019\u00e9changer autour de la cuisine et d\u2019enrichir les recettes gr\u00e2ce \u00e0 vos id\u00e9es et suggestions.<\/p>\n<p>Car la cuisine est un domaine en constante \u00e9volution, et vos retours permettent de l\u2019explorer encore davantage.<\/p>\n<p><a href=\"https:\/\/www.moiaussijemange.ca\/?page_id=1225\">N\u2019h\u00e9sitez donc pas \u00e0 me <strong>contacter<\/strong> !<\/a><\/p>\n<p>Posez vos questions, exprimez vos id\u00e9es, ou partagez vos impressions.<\/p>\n<p>Chaque commentaire est une opportunit\u00e9 d\u2019apprendre, de d\u00e9couvrir et de rendre chaque plat encore plus savoureux.<\/p>\n<p><strong>\u00c0 vos fourneaux,<a href=\"https:\/\/boutique.ricardocuisine.com\/fr\/mini-robot-culinaire-ricardo.html?srsltid=AfmBOooTc0Q-OrSIU1x5mf3kaFX17nk75citBSqi12Os2WcmgyjM1ktg\">chaudrons et robot culinaire<\/a> et \u00e0 bient\u00f4t pour de nouvelles inspirations culinaires !<\/strong><\/p>\n<p>&nbsp;<\/p>\n<p>Courriel: <a href=\"mailto:moiaussijemange@gmail.com\">moiaussijemange@gmail.com<\/a><\/p>\n<p><img loading=\"lazy\" decoding=\"async\" class=\"size-medium wp-image-1323 aligncenter\" src=\"https:\/\/www.moiaussijemange.ca\/wp-content\/uploads\/2025\/03\/PHOTO-MOI-240x300.png\" alt=\"\" width=\"240\" height=\"300\" srcset=\"https:\/\/www.moiaussijemange.ca\/wp-content\/uploads\/2025\/03\/PHOTO-MOI-240x300.png 240w, https:\/\/www.moiaussijemange.ca\/wp-content\/uploads\/2025\/03\/PHOTO-MOI.png 512w\" sizes=\"auto, (max-width: 240px) 100vw, 240px\" \/><\/p>\n<p>&nbsp;<\/p>\n","protected":false},"excerpt":{"rendered":"<p>La cuisine est un art qui se partage, une source infinie de plaisir et de d\u00e9couverte. &nbsp; Chaque recette pur\u00e9e que je propose dans mon livre \u00a0\u00bb Moi aussi je mange \u00a0\u00bb est con\u00e7ue pour \u00eatre simple \u00e0 r\u00e9aliser, avec des ingr\u00e9dients accessibles et des \u00e9tapes claires. Que vous soyez d\u00e9butant ou passionn\u00e9, ces id\u00e9es<span class=\"excerpt-ellipsis\">&#8230;<\/span><\/p>\n<p><a class=\"more-link\" href=\"https:\/\/www.moiaussijemange.ca\/?page_id=1225\" itemprop=\"url\">Continue Reading<\/a><\/p>\n","protected":false},"author":1,"featured_media":0,"parent":298,"menu_order":0,"comment_status":"closed","ping_status":"closed","template":"","meta":{"footnotes":""},"class_list":["post-1225","page","type-page","status-publish","hentry"],"yoast_head":"<!-- This site is optimized with the Yoast SEO Premium plugin v27.3 (Yoast SEO v27.3) - https:\/\/yoast.com\/product\/yoast-seo-premium-wordpress\/ -->\n<title>Recette simple avec des ingr\u00e9dients accessibles<\/title>\n<meta name=\"description\" content=\"Partagez vos id\u00e9es et suggestions en cuisine. N&#039;h\u00e9sitez pas \u00e0 me contacter moi pour \u00e9changer sur vos recettes pr\u00e9f\u00e9r\u00e9es.\" \/>\n<meta name=\"robots\" content=\"index, follow, max-snippet:-1, max-image-preview:large, max-video-preview:-1\" \/>\n<link rel=\"canonical\" href=\"https:\/\/www.moiaussijemange.ca\/?page_id=1225\" \/>\n<meta property=\"og:locale\" content=\"fr_FR\" \/>\n<meta property=\"og:type\" content=\"article\" \/>\n<meta property=\"og:title\" content=\"Moi aussi je mange : Recettes Simples et D\u00e9licieuses\" \/>\n<meta property=\"og:description\" content=\"Rejoignez-moi dans l&#039;aventure de la cuisine avec moi aussi je mange : recettes accessibles et techniques expliqu\u00e9es simplement.\" \/>\n<meta property=\"og:url\" content=\"https:\/\/www.moiaussijemange.ca\/?page_id=1225\" \/>\n<meta property=\"article:modified_time\" content=\"2025-05-22T12:37:14+00:00\" \/>\n<meta property=\"og:image\" content=\"https:\/\/www.moiaussijemange.ca\/wp-content\/uploads\/2025\/05\/ustensile2.png\" \/>\n\t<meta property=\"og:image:width\" content=\"225\" \/>\n\t<meta property=\"og:image:height\" content=\"225\" \/>\n\t<meta property=\"og:image:type\" content=\"image\/png\" \/>\n<meta name=\"twitter:card\" content=\"summary_large_image\" \/>\n<meta name=\"twitter:title\" content=\"Contactez moi\" \/>\n<meta name=\"twitter:label1\" content=\"Dur\u00e9e de lecture estim\u00e9e\" \/>\n\t<meta name=\"twitter:data1\" content=\"2 minutes\" \/>\n<script type=\"application\/ld+json\" class=\"yoast-schema-graph\">{\"@context\":\"https:\\\/\\\/schema.org\",\"@graph\":[{\"@type\":\"WebPage\",\"@id\":\"https:\\\/\\\/www.moiaussijemange.ca\\\/?page_id=1225\",\"url\":\"https:\\\/\\\/www.moiaussijemange.ca\\\/?page_id=1225\",\"name\":\"Recette simple avec des ingr\u00e9dients accessibles\",\"isPartOf\":{\"@id\":\"https:\\\/\\\/www.moiaussijemange.ca\\\/#website\"},\"primaryImageOfPage\":{\"@id\":\"https:\\\/\\\/www.moiaussijemange.ca\\\/?page_id=1225#primaryimage\"},\"image\":{\"@id\":\"https:\\\/\\\/www.moiaussijemange.ca\\\/?page_id=1225#primaryimage\"},\"thumbnailUrl\":\"https:\\\/\\\/www.moiaussijemange.ca\\\/wp-content\\\/uploads\\\/2025\\\/05\\\/ustensile2.png\",\"datePublished\":\"2025-01-06T21:38:41+00:00\",\"dateModified\":\"2025-05-22T12:37:14+00:00\",\"description\":\"Partagez vos id\u00e9es et suggestions en cuisine. N'h\u00e9sitez pas \u00e0 me contacter moi pour \u00e9changer sur vos recettes pr\u00e9f\u00e9r\u00e9es.\",\"breadcrumb\":{\"@id\":\"https:\\\/\\\/www.moiaussijemange.ca\\\/?page_id=1225#breadcrumb\"},\"inLanguage\":\"fr-FR\",\"potentialAction\":[{\"@type\":\"ReadAction\",\"target\":[\"https:\\\/\\\/www.moiaussijemange.ca\\\/?page_id=1225\"]}]},{\"@type\":\"ImageObject\",\"inLanguage\":\"fr-FR\",\"@id\":\"https:\\\/\\\/www.moiaussijemange.ca\\\/?page_id=1225#primaryimage\",\"url\":\"https:\\\/\\\/www.moiaussijemange.ca\\\/wp-content\\\/uploads\\\/2025\\\/05\\\/ustensile2.png\",\"contentUrl\":\"https:\\\/\\\/www.moiaussijemange.ca\\\/wp-content\\\/uploads\\\/2025\\\/05\\\/ustensile2.png\",\"width\":225,\"height\":225},{\"@type\":\"BreadcrumbList\",\"@id\":\"https:\\\/\\\/www.moiaussijemange.ca\\\/?page_id=1225#breadcrumb\",\"itemListElement\":[{\"@type\":\"ListItem\",\"position\":1,\"name\":\"Home\",\"item\":\"https:\\\/\\\/www.moiaussijemange.ca\\\/\"},{\"@type\":\"ListItem\",\"position\":2,\"name\":\"Accueil\",\"item\":\"https:\\\/\\\/www.moiaussijemange.ca\\\/\"},{\"@type\":\"ListItem\",\"position\":3,\"name\":\"Contactez moi\"}]},{\"@type\":\"WebSite\",\"@id\":\"https:\\\/\\\/www.moiaussijemange.ca\\\/#website\",\"url\":\"https:\\\/\\\/www.moiaussijemange.ca\\\/\",\"name\":\"Moi aussi je mange !\",\"description\":\"ON MANGE D&#039;ABORD AVEC LES YEUX !                                WE EAT FIRST WITH THE EYES !\",\"publisher\":{\"@id\":\"https:\\\/\\\/www.moiaussijemange.ca\\\/#\\\/schema\\\/person\\\/0368c0e0e931835f5151fe07fa2703e1\"},\"potentialAction\":[{\"@type\":\"SearchAction\",\"target\":{\"@type\":\"EntryPoint\",\"urlTemplate\":\"https:\\\/\\\/www.moiaussijemange.ca\\\/?s={search_term_string}\"},\"query-input\":{\"@type\":\"PropertyValueSpecification\",\"valueRequired\":true,\"valueName\":\"search_term_string\"}}],\"inLanguage\":\"fr-FR\"},{\"@type\":[\"Person\",\"Organization\"],\"@id\":\"https:\\\/\\\/www.moiaussijemange.ca\\\/#\\\/schema\\\/person\\\/0368c0e0e931835f5151fe07fa2703e1\",\"name\":\"France Grondin\",\"image\":{\"@type\":\"ImageObject\",\"inLanguage\":\"fr-FR\",\"@id\":\"https:\\\/\\\/www.moiaussijemange.ca\\\/wp-content\\\/uploads\\\/2025\\\/05\\\/UNE-PAGE-MOI-JE-MANGE-cover.jpg\",\"url\":\"https:\\\/\\\/www.moiaussijemange.ca\\\/wp-content\\\/uploads\\\/2025\\\/05\\\/UNE-PAGE-MOI-JE-MANGE-cover.jpg\",\"contentUrl\":\"https:\\\/\\\/www.moiaussijemange.ca\\\/wp-content\\\/uploads\\\/2025\\\/05\\\/UNE-PAGE-MOI-JE-MANGE-cover.jpg\",\"width\":2354,\"height\":1820,\"caption\":\"France Grondin\"},\"logo\":{\"@id\":\"https:\\\/\\\/www.moiaussijemange.ca\\\/wp-content\\\/uploads\\\/2025\\\/05\\\/UNE-PAGE-MOI-JE-MANGE-cover.jpg\"},\"sameAs\":[\"http:\\\/\\\/www.moiaussijemange.ca\"]}]}<\/script>\n<!-- \/ Yoast SEO Premium plugin. -->","yoast_head_json":{"title":"Recette simple avec des ingr\u00e9dients accessibles","description":"Partagez vos id\u00e9es et suggestions en cuisine. N'h\u00e9sitez pas \u00e0 me contacter moi pour \u00e9changer sur vos recettes pr\u00e9f\u00e9r\u00e9es.","robots":{"index":"index","follow":"follow","max-snippet":"max-snippet:-1","max-image-preview":"max-image-preview:large","max-video-preview":"max-video-preview:-1"},"canonical":"https:\/\/www.moiaussijemange.ca\/?page_id=1225","og_locale":"fr_FR","og_type":"article","og_title":"Moi aussi je mange : Recettes Simples et D\u00e9licieuses","og_description":"Rejoignez-moi dans l'aventure de la cuisine avec moi aussi je mange : recettes accessibles et techniques expliqu\u00e9es simplement.","og_url":"https:\/\/www.moiaussijemange.ca\/?page_id=1225","article_modified_time":"2025-05-22T12:37:14+00:00","og_image":[{"width":225,"height":225,"url":"https:\/\/www.moiaussijemange.ca\/wp-content\/uploads\/2025\/05\/ustensile2.png","type":"image\/png"}],"twitter_card":"summary_large_image","twitter_title":"Contactez moi","twitter_misc":{"Dur\u00e9e de lecture estim\u00e9e":"2 minutes"},"schema":{"@context":"https:\/\/schema.org","@graph":[{"@type":"WebPage","@id":"https:\/\/www.moiaussijemange.ca\/?page_id=1225","url":"https:\/\/www.moiaussijemange.ca\/?page_id=1225","name":"Recette simple avec des ingr\u00e9dients accessibles","isPartOf":{"@id":"https:\/\/www.moiaussijemange.ca\/#website"},"primaryImageOfPage":{"@id":"https:\/\/www.moiaussijemange.ca\/?page_id=1225#primaryimage"},"image":{"@id":"https:\/\/www.moiaussijemange.ca\/?page_id=1225#primaryimage"},"thumbnailUrl":"https:\/\/www.moiaussijemange.ca\/wp-content\/uploads\/2025\/05\/ustensile2.png","datePublished":"2025-01-06T21:38:41+00:00","dateModified":"2025-05-22T12:37:14+00:00","description":"Partagez vos id\u00e9es et suggestions en cuisine. N'h\u00e9sitez pas \u00e0 me contacter moi pour \u00e9changer sur vos recettes pr\u00e9f\u00e9r\u00e9es.","breadcrumb":{"@id":"https:\/\/www.moiaussijemange.ca\/?page_id=1225#breadcrumb"},"inLanguage":"fr-FR","potentialAction":[{"@type":"ReadAction","target":["https:\/\/www.moiaussijemange.ca\/?page_id=1225"]}]},{"@type":"ImageObject","inLanguage":"fr-FR","@id":"https:\/\/www.moiaussijemange.ca\/?page_id=1225#primaryimage","url":"https:\/\/www.moiaussijemange.ca\/wp-content\/uploads\/2025\/05\/ustensile2.png","contentUrl":"https:\/\/www.moiaussijemange.ca\/wp-content\/uploads\/2025\/05\/ustensile2.png","width":225,"height":225},{"@type":"BreadcrumbList","@id":"https:\/\/www.moiaussijemange.ca\/?page_id=1225#breadcrumb","itemListElement":[{"@type":"ListItem","position":1,"name":"Home","item":"https:\/\/www.moiaussijemange.ca\/"},{"@type":"ListItem","position":2,"name":"Accueil","item":"https:\/\/www.moiaussijemange.ca\/"},{"@type":"ListItem","position":3,"name":"Contactez moi"}]},{"@type":"WebSite","@id":"https:\/\/www.moiaussijemange.ca\/#website","url":"https:\/\/www.moiaussijemange.ca\/","name":"Moi aussi je mange !","description":"ON MANGE D&#039;ABORD AVEC LES YEUX !                                WE EAT FIRST WITH THE EYES !","publisher":{"@id":"https:\/\/www.moiaussijemange.ca\/#\/schema\/person\/0368c0e0e931835f5151fe07fa2703e1"},"potentialAction":[{"@type":"SearchAction","target":{"@type":"EntryPoint","urlTemplate":"https:\/\/www.moiaussijemange.ca\/?s={search_term_string}"},"query-input":{"@type":"PropertyValueSpecification","valueRequired":true,"valueName":"search_term_string"}}],"inLanguage":"fr-FR"},{"@type":["Person","Organization"],"@id":"https:\/\/www.moiaussijemange.ca\/#\/schema\/person\/0368c0e0e931835f5151fe07fa2703e1","name":"France Grondin","image":{"@type":"ImageObject","inLanguage":"fr-FR","@id":"https:\/\/www.moiaussijemange.ca\/wp-content\/uploads\/2025\/05\/UNE-PAGE-MOI-JE-MANGE-cover.jpg","url":"https:\/\/www.moiaussijemange.ca\/wp-content\/uploads\/2025\/05\/UNE-PAGE-MOI-JE-MANGE-cover.jpg","contentUrl":"https:\/\/www.moiaussijemange.ca\/wp-content\/uploads\/2025\/05\/UNE-PAGE-MOI-JE-MANGE-cover.jpg","width":2354,"height":1820,"caption":"France Grondin"},"logo":{"@id":"https:\/\/www.moiaussijemange.ca\/wp-content\/uploads\/2025\/05\/UNE-PAGE-MOI-JE-MANGE-cover.jpg"},"sameAs":["http:\/\/www.moiaussijemange.ca"]}]}},"_links":{"self":[{"href":"https:\/\/www.moiaussijemange.ca\/index.php?rest_route=\/wp\/v2\/pages\/1225","targetHints":{"allow":["GET"]}}],"collection":[{"href":"https:\/\/www.moiaussijemange.ca\/index.php?rest_route=\/wp\/v2\/pages"}],"about":[{"href":"https:\/\/www.moiaussijemange.ca\/index.php?rest_route=\/wp\/v2\/types\/page"}],"author":[{"embeddable":true,"href":"https:\/\/www.moiaussijemange.ca\/index.php?rest_route=\/wp\/v2\/users\/1"}],"replies":[{"embeddable":true,"href":"https:\/\/www.moiaussijemange.ca\/index.php?rest_route=%2Fwp%2Fv2%2Fcomments&post=1225"}],"version-history":[{"count":35,"href":"https:\/\/www.moiaussijemange.ca\/index.php?rest_route=\/wp\/v2\/pages\/1225\/revisions"}],"predecessor-version":[{"id":2309,"href":"https:\/\/www.moiaussijemange.ca\/index.php?rest_route=\/wp\/v2\/pages\/1225\/revisions\/2309"}],"up":[{"embeddable":true,"href":"https:\/\/www.moiaussijemange.ca\/index.php?rest_route=\/wp\/v2\/pages\/298"}],"wp:attachment":[{"href":"https:\/\/www.moiaussijemange.ca\/index.php?rest_route=%2Fwp%2Fv2%2Fmedia&parent=1225"}],"curies":[{"name":"wp","href":"https:\/\/api.w.org\/{rel}","templated":true}]}}