{"id":1467,"date":"2025-03-29T04:09:09","date_gmt":"2025-03-29T08:09:09","guid":{"rendered":"https:\/\/www.moiaussijemange.ca\/?page_id=1467"},"modified":"2025-05-22T10:46:41","modified_gmt":"2025-05-22T14:46:41","slug":"recipes","status":"publish","type":"page","link":"https:\/\/www.moiaussijemange.ca\/?page_id=1467","title":{"rendered":"M\u00e9dias et Vid\u00e9os"},"content":{"rendered":"<p>&nbsp;<\/p>\n<header class=\"mx-auto mb-6 w-full max-w-screen-sm\">\n<div class=\"Tile-module__tile___ea97N \">\n<div class=\"flex flex-col\">\n<h6 class=\"relative overflow-hidden rounded-2xl CoverImage_coverFull__OXrIL\"><a href=\"https:\/\/www.amazon.ca\/-\/fr\/Moi-aussi-je-mange-Tome1\/dp\/2982287749\"><img loading=\"lazy\" decoding=\"async\" class=\"absolute top-0 object-cover object-center aligncenter\" src=\"https:\/\/images.wakelet.com\/resize?id=c89LDtd-umguBq9uWixOi&amp;w=3840&amp;h=2880&amp;q=85\" sizes=\"auto, (min-width: 768px) 768px, 100vw\" srcset=\"https:\/\/images.wakelet.com\/resize?id=c89LDtd-umguBq9uWixOi&amp;w=640&amp;h=480&amp;q=85 640w, https:\/\/images.wakelet.com\/resize?id=c89LDtd-umguBq9uWixOi&amp;w=768&amp;h=576&amp;q=85 768w, https:\/\/images.wakelet.com\/resize?id=c89LDtd-umguBq9uWixOi&amp;w=828&amp;h=621&amp;q=85 828w, https:\/\/images.wakelet.com\/resize?id=c89LDtd-umguBq9uWixOi&amp;w=1024&amp;h=768&amp;q=85 1024w, https:\/\/images.wakelet.com\/resize?id=c89LDtd-umguBq9uWixOi&amp;w=1280&amp;h=960&amp;q=85 1280w, https:\/\/images.wakelet.com\/resize?id=c89LDtd-umguBq9uWixOi&amp;w=1536&amp;h=1152&amp;q=85 1536w, https:\/\/images.wakelet.com\/resize?id=c89LDtd-umguBq9uWixOi&amp;w=1920&amp;h=1440&amp;q=85 1920w, https:\/\/images.wakelet.com\/resize?id=c89LDtd-umguBq9uWixOi&amp;w=2048&amp;h=1536&amp;q=85 2048w, https:\/\/images.wakelet.com\/resize?id=c89LDtd-umguBq9uWixOi&amp;w=3840&amp;h=2880&amp;q=85 3840w\" alt=\"\" width=\"425\" height=\"319\" data-nimg=\"1\" \/><\/a><\/h6>\n<h3 class=\"Text-module__h1___qG6Jy word-break m-0 break-words text-center\" style=\"text-align: center;\" data-testid=\"wk-h1\">France Grondin &#8211; Moi aussi je mange<\/h3>\n<h3 class=\"Text-module__subtitle___b0EJU word-break m-0 break-words text-center\" style=\"text-align: center;\">Revue de presse<\/h3>\n<p>&nbsp;<\/p>\n<\/div>\n<\/div>\n<\/header>\n<div class=\"collectionView_vertical__3_ain collectionView_layoutSmall__f7ATm rounded-t-xl bg-[var(--color-container-primary)] pt-6\">\n<div class=\"collectionView_columnContainer__lgeg5\">\n<div class=\" \" data-testid=\"item-card\">\n<div class=\"relative z-0 p-2\">\n<div class=\"cursor-pointer flex flex-row gap-3 self-start\">\n<div class=\"flex w-full flex-col self-start\"><span class=\"Text-module__body___0s0gW word-break w-full whitespace-break-spaces break-words\" data-testid=\"card-description\">Le mardi 21 janvier, une cinquantaine de personnes \u00e9taient regroup\u00e9es au Microtel Tremblant \u00e0 l\u2019occasion de <strong>la <a href=\"https:\/\/www.moiaussijemange.ca\/?page_id=2097\">sortie du livre de France Grondin<\/a><\/strong>. Un ouvrage qui regroupe une trentaine de recettes destin\u00e9es aux personnes atteintes de dysphagie, une maladie qui entra\u00eene des difficult\u00e9s \u00e0 avaler.<\/span><\/div>\n<\/div>\n<\/div>\n<\/div>\n<div class=\"flex flex-row justify-between p-2\">\n<div><\/div>\n<div class=\"flex flex-row\" data-id=\"reaction-count\"><\/div>\n<\/div>\n<\/div>\n<\/div>\n<div class=\" \" data-testid=\"item-card\">\n<div class=\"relative z-0 p-2\">\n<div class=\"cursor-pointer flex flex-row gap-3 self-start\">\n<div class=\"w-1\/3 flex flex-col\">\n<div class=\"block overflow-hidden align-top shadow relative rounded-2xl\"><\/div>\n<\/div>\n<div class=\"flex w-full flex-col self-start\">\n<p class=\"Text-module__h3___J0LDJ word-break line-clamp-2 block w-full whitespace-normal break-words\" data-testid=\"card-title\">France Grondin lance<a href=\"https:\/\/www.moiaussijemange.ca\/?page_id=2097\"> le livre de recettes Moi aussi je mange<\/a> !, con\u00e7u pour les personnes souffrant de dysphagie.<\/p>\n<p data-testid=\"card-title\">\n<\/div>\n<\/div>\n<\/div>\n<div class=\"relative z-0 p-2\">\n<div class=\"cursor-pointer flex flex-row gap-3 self-start\">\n<div class=\"flex w-full flex-col self-start\">\n<p data-testid=\"card-title\"><strong>Lancement du livre. YouTube<\/strong><\/p>\n<\/div>\n<\/div>\n<\/div>\n<\/div>\n<div class=\"flex flex-row justify-between p-2\">\n<div class=\"flex flex-row\" data-id=\"reaction-count\"><a href=\"https:\/\/www.youtube.com\/watch?v=a-qnVmJbLf4\"><img loading=\"lazy\" decoding=\"async\" class=\"alignnone wp-image-1670\" src=\"https:\/\/www.moiaussijemange.ca\/wp-content\/uploads\/2025\/04\/youtube.png\" alt=\"\" width=\"189\" height=\"189\" srcset=\"https:\/\/www.moiaussijemange.ca\/wp-content\/uploads\/2025\/04\/youtube.png 225w, https:\/\/www.moiaussijemange.ca\/wp-content\/uploads\/2025\/04\/youtube-150x150.png 150w\" sizes=\"auto, (max-width: 189px) 100vw, 189px\" \/><\/a><\/div>\n<\/div>\n<div class=\" \" data-testid=\"item-card\">\n<div class=\"p-2\">\n<div class=\"aspect-w-16 overflow-hidden rounded-xl shadow\">\n<div><\/div>\n<div><\/div>\n<div class=\"CardBodyVideo_title__JUGCi\"><strong>Entrevue avec Roxane St-Gelais<\/strong><\/div>\n<article class=\"yt-lite \" data-title=\"\u00c9mission &quot;Moi aussi, je mange!&quot;\"><\/article>\n<\/div>\n<\/div>\n<\/div>\n<div class=\"masonry-item\">\n<div>\n<div class=\"collectionView_cardContainer__W2zv9 collectionView_Wrapper__k09L7 collectionView_cardLarge___yu56 list-none\">\n<div class=\"collectionView_card__9VR6d rounded-2xl\">\n<div class=\"collectionView_header__pokHJ !flex min-h-[3.625rem] justify-between\">\n<div>\n<div class=\"flex max-w-[120px] flex-row items-center gap-2 justify-self-start overflow-hidden\">\n<div class=\"flex max-w-[120px] items-center rounded\"><a href=\"https:\/\/clipping.kinetiq.tv\/clipping\/download\/2025\/1\/21\/4145f921-63de-45c1-855f-8016ff8fefe3.mp4\"><img loading=\"lazy\" decoding=\"async\" class=\"alignnone size-medium wp-image-1658\" src=\"https:\/\/www.moiaussijemange.ca\/wp-content\/uploads\/2025\/04\/fm-longueil-300x156.png\" alt=\"\" width=\"300\" height=\"156\" srcset=\"https:\/\/www.moiaussijemange.ca\/wp-content\/uploads\/2025\/04\/fm-longueil-300x156.png 300w, https:\/\/www.moiaussijemange.ca\/wp-content\/uploads\/2025\/04\/fm-longueil.png 311w\" sizes=\"auto, (max-width: 300px) 100vw, 300px\" \/><\/a><\/div>\n<div><\/div>\n<\/div>\n<div><\/div>\n<\/div>\n<\/div>\n<\/div>\n<div class=\"justify-self-end\"><\/div>\n<\/div>\n<\/div>\n<\/div>\n<div data-testid=\"wk-dialog-trigger\"><\/div>\n<div data-testid=\"wk-dialog-trigger\"><\/div>\n<div data-testid=\"wk-dialog-trigger\"><\/div>\n<div data-testid=\"wk-dialog-trigger\"><\/div>\n<div data-testid=\"wk-dialog-trigger\"><\/div>\n<div data-testid=\"wk-dialog-trigger\"><\/div>\n<div data-testid=\"wk-dialog-trigger\"><\/div>\n<div data-testid=\"wk-dialog-trigger\"><\/div>\n<div data-testid=\"wk-dialog-trigger\"><\/div>\n<div data-testid=\"wk-dialog-trigger\"><\/div>\n<div data-testid=\"wk-dialog-trigger\"><strong>La r\u00e9volution alimentaire avec Michel Sanscartier<\/strong><\/div>\n<div class=\"flex flex-row justify-between p-2\">\n<div class=\"flex flex-row\" data-id=\"reaction-count\"><a href=\"https:\/\/cism893.ca\/emissions\/la-revolution-alimentaire-est-en-ondes\/10-03-2025\/\"><img loading=\"lazy\" decoding=\"async\" class=\"alignnone size-full wp-image-1650\" src=\"https:\/\/www.moiaussijemange.ca\/wp-content\/uploads\/2025\/04\/cism.png\" alt=\"\" width=\"225\" height=\"225\" srcset=\"https:\/\/www.moiaussijemange.ca\/wp-content\/uploads\/2025\/04\/cism.png 225w, https:\/\/www.moiaussijemange.ca\/wp-content\/uploads\/2025\/04\/cism-150x150.png 150w\" sizes=\"auto, (max-width: 225px) 100vw, 225px\" \/><\/a><\/div>\n<\/div>\n<div class=\"collectionView_header__pokHJ !flex min-h-[3.625rem] justify-between\">\n<div class=\"justify-self-end\">\n<div data-testid=\"wk-dialog-trigger\"><\/div>\n<div data-testid=\"wk-dialog-trigger\"><strong>Info du Nord<\/strong><\/div>\n<div data-testid=\"wk-dialog-trigger\"><a href=\"https:\/\/infodunordtremblant.ca\/culture\/2025\/02\/17\/france-grondin-lance-son-livre-moi-aussi-je-mange\/\"><img loading=\"lazy\" decoding=\"async\" class=\"alignnone size-full wp-image-1662\" src=\"https:\/\/www.moiaussijemange.ca\/wp-content\/uploads\/2025\/04\/info-du-nord.jpg\" alt=\"\" width=\"225\" height=\"225\" srcset=\"https:\/\/www.moiaussijemange.ca\/wp-content\/uploads\/2025\/04\/info-du-nord.jpg 225w, https:\/\/www.moiaussijemange.ca\/wp-content\/uploads\/2025\/04\/info-du-nord-150x150.jpg 150w\" sizes=\"auto, (max-width: 225px) 100vw, 225px\" \/><\/a><\/div>\n<\/div>\n<\/div>\n<div class=\" \" data-testid=\"item-card\">\n<div class=\"relative z-0 p-2\">\n<div class=\"cursor-pointer flex flex-row gap-3 self-start\">\n<div class=\"w-1\/3 flex flex-col\">\n<div class=\"block overflow-hidden align-top shadow relative rounded-2xl\"><\/div>\n<\/div>\n<div class=\"flex w-full flex-col self-start\"><\/div>\n<\/div>\n<\/div>\n<\/div>\n<div class=\"masonry-item\">\n<div>\n<div class=\"collectionView_cardContainer__W2zv9 collectionView_Wrapper__k09L7 collectionView_cardLarge___yu56 list-none\">\n<div class=\"collectionView_card__9VR6d rounded-2xl\">\n<div class=\"flex flex-row justify-between p-2\">\n<div class=\"flex flex-row\" data-id=\"reaction-count\"><\/div>\n<\/div>\n<\/div>\n<\/div>\n<\/div>\n<\/div>\n<div class=\"masonry-item\">\n<div>\n<div class=\"collectionView_cardContainer__W2zv9 collectionView_Wrapper__k09L7 collectionView_cardLarge___yu56 list-none\">\n<div class=\"collectionView_card__9VR6d rounded-2xl\">\n<div class=\"collectionView_header__pokHJ !flex min-h-[3.625rem] justify-between\">\n<div><\/div>\n<div class=\"justify-self-end\"><\/div>\n<div><\/div>\n<\/div>\n<\/div>\n<\/div>\n<\/div>\n<\/div>\n<div class=\"collectionView_header__pokHJ !flex min-h-[3.625rem] justify-between\">\n<div class=\"justify-self-end\">\n<div data-testid=\"wk-dialog-trigger\"><strong>CANAL M<\/strong><\/div>\n<\/div>\n<\/div>\n<div class=\"collectionView_header__pokHJ !flex min-h-[3.625rem] justify-between\">\n<div class=\"justify-self-end\">\n<div data-testid=\"wk-dialog-trigger\"><\/div>\n<\/div>\n<\/div>\n<div class=\" \" data-testid=\"item-card\">\n<div class=\"relative z-0 p-2\">\n<div class=\"cursor-pointer flex flex-row gap-3 self-start\">\n<div class=\"w-1\/3 flex flex-col\">\n<div class=\"block overflow-hidden align-top shadow relative rounded-2xl\"><a href=\"https:\/\/canalm.vuesetvoix.com\/sans-detour-27-janvier-2025\/\"><img loading=\"lazy\" decoding=\"async\" class=\"size-medium wp-image-1814 alignleft\" src=\"https:\/\/www.moiaussijemange.ca\/wp-content\/uploads\/2025\/04\/sans-detour-2025-665x382-1-300x172.png\" alt=\"\" width=\"300\" height=\"172\" srcset=\"https:\/\/www.moiaussijemange.ca\/wp-content\/uploads\/2025\/04\/sans-detour-2025-665x382-1-300x172.png 300w, https:\/\/www.moiaussijemange.ca\/wp-content\/uploads\/2025\/04\/sans-detour-2025-665x382-1.png 665w\" sizes=\"auto, (max-width: 300px) 100vw, 300px\" \/><\/a><\/div>\n<\/div>\n<\/div>\n<div class=\"flex w-full flex-col self-start\"><\/div>\n<\/div>\n<\/div>\n<div class=\"collectionView_header__pokHJ !flex min-h-[3.625rem] justify-between\">\n<div class=\"justify-self-end\"><\/div>\n<\/div>\n<div data-testid=\"wk-dialog-trigger\"><\/div>\n<div data-testid=\"wk-dialog-trigger\"><\/div>\n<div data-testid=\"wk-dialog-trigger\"><\/div>\n<div data-testid=\"wk-dialog-trigger\"><\/div>\n<div data-testid=\"wk-dialog-trigger\"><\/div>\n<div data-testid=\"wk-dialog-trigger\"><\/div>\n<div data-testid=\"wk-dialog-trigger\"><\/div>\n<div data-testid=\"wk-dialog-trigger\"><\/div>\n<div data-testid=\"wk-dialog-trigger\"><\/div>\n<div data-testid=\"wk-dialog-trigger\"><strong>Ami T\u00e9l\u00e9 <\/strong><\/div>\n<div data-testid=\"wk-dialog-trigger\"><a href=\"https:\/\/amiplus.ca\/ca-me-regarde\/un-nouveau-livre-de-recettes-pour-les-personnes-dysphagiques?play=1&amp;app-config=ami-tele\"><img loading=\"lazy\" decoding=\"async\" class=\"alignnone size-full wp-image-2273\" src=\"https:\/\/www.moiaussijemange.ca\/wp-content\/uploads\/2025\/05\/ami.png\" alt=\"\" width=\"204\" height=\"192\" \/><\/a><\/div>\n<div data-testid=\"wk-dialog-trigger\"><\/div>\n<div data-testid=\"wk-dialog-trigger\"><\/div>\n<div data-testid=\"wk-dialog-trigger\"><\/div>\n<div data-testid=\"wk-dialog-trigger\"><\/div>\n<div data-testid=\"wk-dialog-trigger\"><\/div>\n<div data-testid=\"wk-dialog-trigger\"><\/div>\n<div data-testid=\"wk-dialog-trigger\"><img loading=\"lazy\" decoding=\"async\" class=\"size-medium wp-image-1608 aligncenter\" src=\"https:\/\/www.moiaussijemange.ca\/wp-content\/uploads\/2025\/04\/logo-bas-fr-300x101.png\" alt=\"\" width=\"300\" height=\"101\" srcset=\"https:\/\/www.moiaussijemange.ca\/wp-content\/uploads\/2025\/04\/logo-bas-fr-300x101.png 300w, https:\/\/www.moiaussijemange.ca\/wp-content\/uploads\/2025\/04\/logo-bas-fr.png 627w\" sizes=\"auto, (max-width: 300px) 100vw, 300px\" \/><\/div>\n<div data-testid=\"wk-dialog-trigger\"><\/div>\n<div data-testid=\"wk-dialog-trigger\"><img loading=\"lazy\" decoding=\"async\" class=\"size-medium wp-image-1017 aligncenter\" src=\"https:\/\/www.moiaussijemange.ca\/wp-content\/uploads\/2025\/03\/iconelogo-300x80.png\" alt=\"\" width=\"300\" height=\"80\" srcset=\"https:\/\/www.moiaussijemange.ca\/wp-content\/uploads\/2025\/03\/iconelogo-300x80.png 300w, https:\/\/www.moiaussijemange.ca\/wp-content\/uploads\/2025\/03\/iconelogo-768x204.png 768w, https:\/\/www.moiaussijemange.ca\/wp-content\/uploads\/2025\/03\/iconelogo.png 982w\" sizes=\"auto, (max-width: 300px) 100vw, 300px\" \/><\/div>\n<p>&nbsp;<\/p>\n","protected":false},"excerpt":{"rendered":"<p>&nbsp; France Grondin &#8211; Moi aussi je mange Revue de presse &nbsp; Le mardi 21 janvier, une cinquantaine de personnes \u00e9taient regroup\u00e9es au Microtel Tremblant \u00e0 l\u2019occasion de la sortie du livre de France Grondin. Un ouvrage qui regroupe une trentaine de recettes destin\u00e9es aux personnes atteintes de dysphagie, une maladie qui entra\u00eene des difficult\u00e9s<span class=\"excerpt-ellipsis\">&#8230;<\/span><\/p>\n<p><a class=\"more-link\" href=\"https:\/\/www.moiaussijemange.ca\/?page_id=1467\" itemprop=\"url\">Continue Reading<\/a><\/p>\n","protected":false},"author":1,"featured_media":0,"parent":0,"menu_order":0,"comment_status":"closed","ping_status":"closed","template":"","meta":{"footnotes":""},"class_list":["post-1467","page","type-page","status-publish","hentry"],"yoast_head":"<!-- This site is optimized with the Yoast SEO Premium plugin v27.3 (Yoast SEO v27.3) - https:\/\/yoast.com\/product\/yoast-seo-premium-wordpress\/ -->\n<title>Moi aussi je mange m\u00e9dias : un livre inspirant -<\/title>\n<meta name=\"description\" content=\"Apprenez comment le livre Moi aussi je mange m\u00e9dias aide les personnes atteintes de dysphagie \u00e0 mieux manger avec des recettes adapt\u00e9es.\" \/>\n<meta name=\"robots\" content=\"index, follow, max-snippet:-1, max-image-preview:large, max-video-preview:-1\" \/>\n<link rel=\"canonical\" href=\"https:\/\/www.moiaussijemange.ca\/?page_id=1467\" \/>\n<meta property=\"og:locale\" content=\"fr_FR\" \/>\n<meta property=\"og:type\" content=\"article\" \/>\n<meta property=\"og:title\" content=\"M\u00e9dias et Vid\u00e9os\" \/>\n<meta property=\"og:description\" content=\"Apprenez comment le livre Moi aussi je mange m\u00e9dias aide les personnes atteintes de dysphagie \u00e0 mieux manger avec des recettes adapt\u00e9es.\" \/>\n<meta property=\"og:url\" content=\"https:\/\/www.moiaussijemange.ca\/?page_id=1467\" \/>\n<meta property=\"article:modified_time\" content=\"2025-05-22T14:46:41+00:00\" \/>\n<meta property=\"og:image\" content=\"https:\/\/images.wakelet.com\/resize?id=c89LDtd-umguBq9uWixOi&amp;w=3840&amp;h=2880&amp;q=85\" \/>\n<meta name=\"twitter:card\" content=\"summary_large_image\" \/>\n<meta name=\"twitter:label1\" content=\"Dur\u00e9e de lecture estim\u00e9e\" \/>\n\t<meta name=\"twitter:data1\" content=\"3 minutes\" \/>\n<script type=\"application\/ld+json\" class=\"yoast-schema-graph\">{\"@context\":\"https:\\\/\\\/schema.org\",\"@graph\":[{\"@type\":\"WebPage\",\"@id\":\"https:\\\/\\\/www.moiaussijemange.ca\\\/?page_id=1467\",\"url\":\"https:\\\/\\\/www.moiaussijemange.ca\\\/?page_id=1467\",\"name\":\"Moi aussi je mange m\u00e9dias : un livre inspirant -\",\"isPartOf\":{\"@id\":\"https:\\\/\\\/www.moiaussijemange.ca\\\/#website\"},\"primaryImageOfPage\":{\"@id\":\"https:\\\/\\\/www.moiaussijemange.ca\\\/?page_id=1467#primaryimage\"},\"image\":{\"@id\":\"https:\\\/\\\/www.moiaussijemange.ca\\\/?page_id=1467#primaryimage\"},\"thumbnailUrl\":\"https:\\\/\\\/images.wakelet.com\\\/resize?id=c89LDtd-umguBq9uWixOi&amp;w=3840&amp;h=2880&amp;q=85\",\"datePublished\":\"2025-03-29T08:09:09+00:00\",\"dateModified\":\"2025-05-22T14:46:41+00:00\",\"description\":\"Apprenez comment le livre Moi aussi je mange m\u00e9dias aide les personnes atteintes de dysphagie \u00e0 mieux manger avec des recettes adapt\u00e9es.\",\"breadcrumb\":{\"@id\":\"https:\\\/\\\/www.moiaussijemange.ca\\\/?page_id=1467#breadcrumb\"},\"inLanguage\":\"fr-FR\",\"potentialAction\":[{\"@type\":\"ReadAction\",\"target\":[\"https:\\\/\\\/www.moiaussijemange.ca\\\/?page_id=1467\"]}]},{\"@type\":\"ImageObject\",\"inLanguage\":\"fr-FR\",\"@id\":\"https:\\\/\\\/www.moiaussijemange.ca\\\/?page_id=1467#primaryimage\",\"url\":\"https:\\\/\\\/images.wakelet.com\\\/resize?id=c89LDtd-umguBq9uWixOi&amp;w=3840&amp;h=2880&amp;q=85\",\"contentUrl\":\"https:\\\/\\\/images.wakelet.com\\\/resize?id=c89LDtd-umguBq9uWixOi&amp;w=3840&amp;h=2880&amp;q=85\"},{\"@type\":\"BreadcrumbList\",\"@id\":\"https:\\\/\\\/www.moiaussijemange.ca\\\/?page_id=1467#breadcrumb\",\"itemListElement\":[{\"@type\":\"ListItem\",\"position\":1,\"name\":\"Home\",\"item\":\"https:\\\/\\\/www.moiaussijemange.ca\\\/\"},{\"@type\":\"ListItem\",\"position\":2,\"name\":\"M\u00e9dias et Vid\u00e9os\"}]},{\"@type\":\"WebSite\",\"@id\":\"https:\\\/\\\/www.moiaussijemange.ca\\\/#website\",\"url\":\"https:\\\/\\\/www.moiaussijemange.ca\\\/\",\"name\":\"Moi aussi je mange !\",\"description\":\"ON MANGE D&#039;ABORD AVEC LES YEUX !                                WE EAT FIRST WITH THE EYES !\",\"publisher\":{\"@id\":\"https:\\\/\\\/www.moiaussijemange.ca\\\/#\\\/schema\\\/person\\\/0368c0e0e931835f5151fe07fa2703e1\"},\"potentialAction\":[{\"@type\":\"SearchAction\",\"target\":{\"@type\":\"EntryPoint\",\"urlTemplate\":\"https:\\\/\\\/www.moiaussijemange.ca\\\/?s={search_term_string}\"},\"query-input\":{\"@type\":\"PropertyValueSpecification\",\"valueRequired\":true,\"valueName\":\"search_term_string\"}}],\"inLanguage\":\"fr-FR\"},{\"@type\":[\"Person\",\"Organization\"],\"@id\":\"https:\\\/\\\/www.moiaussijemange.ca\\\/#\\\/schema\\\/person\\\/0368c0e0e931835f5151fe07fa2703e1\",\"name\":\"France Grondin\",\"image\":{\"@type\":\"ImageObject\",\"inLanguage\":\"fr-FR\",\"@id\":\"https:\\\/\\\/www.moiaussijemange.ca\\\/wp-content\\\/uploads\\\/2025\\\/05\\\/UNE-PAGE-MOI-JE-MANGE-cover.jpg\",\"url\":\"https:\\\/\\\/www.moiaussijemange.ca\\\/wp-content\\\/uploads\\\/2025\\\/05\\\/UNE-PAGE-MOI-JE-MANGE-cover.jpg\",\"contentUrl\":\"https:\\\/\\\/www.moiaussijemange.ca\\\/wp-content\\\/uploads\\\/2025\\\/05\\\/UNE-PAGE-MOI-JE-MANGE-cover.jpg\",\"width\":2354,\"height\":1820,\"caption\":\"France Grondin\"},\"logo\":{\"@id\":\"https:\\\/\\\/www.moiaussijemange.ca\\\/wp-content\\\/uploads\\\/2025\\\/05\\\/UNE-PAGE-MOI-JE-MANGE-cover.jpg\"},\"sameAs\":[\"http:\\\/\\\/www.moiaussijemange.ca\"]}]}<\/script>\n<!-- \/ Yoast SEO Premium plugin. -->","yoast_head_json":{"title":"Moi aussi je mange m\u00e9dias : un livre inspirant -","description":"Apprenez comment le livre Moi aussi je mange m\u00e9dias aide les personnes atteintes de dysphagie \u00e0 mieux manger avec des recettes adapt\u00e9es.","robots":{"index":"index","follow":"follow","max-snippet":"max-snippet:-1","max-image-preview":"max-image-preview:large","max-video-preview":"max-video-preview:-1"},"canonical":"https:\/\/www.moiaussijemange.ca\/?page_id=1467","og_locale":"fr_FR","og_type":"article","og_title":"M\u00e9dias et Vid\u00e9os","og_description":"Apprenez comment le livre Moi aussi je mange m\u00e9dias aide les personnes atteintes de dysphagie \u00e0 mieux manger avec des recettes adapt\u00e9es.","og_url":"https:\/\/www.moiaussijemange.ca\/?page_id=1467","article_modified_time":"2025-05-22T14:46:41+00:00","og_image":[{"url":"https:\/\/images.wakelet.com\/resize?id=c89LDtd-umguBq9uWixOi&amp;w=3840&amp;h=2880&amp;q=85","type":"","width":"","height":""}],"twitter_card":"summary_large_image","twitter_misc":{"Dur\u00e9e de lecture estim\u00e9e":"3 minutes"},"schema":{"@context":"https:\/\/schema.org","@graph":[{"@type":"WebPage","@id":"https:\/\/www.moiaussijemange.ca\/?page_id=1467","url":"https:\/\/www.moiaussijemange.ca\/?page_id=1467","name":"Moi aussi je mange m\u00e9dias : un livre inspirant -","isPartOf":{"@id":"https:\/\/www.moiaussijemange.ca\/#website"},"primaryImageOfPage":{"@id":"https:\/\/www.moiaussijemange.ca\/?page_id=1467#primaryimage"},"image":{"@id":"https:\/\/www.moiaussijemange.ca\/?page_id=1467#primaryimage"},"thumbnailUrl":"https:\/\/images.wakelet.com\/resize?id=c89LDtd-umguBq9uWixOi&amp;w=3840&amp;h=2880&amp;q=85","datePublished":"2025-03-29T08:09:09+00:00","dateModified":"2025-05-22T14:46:41+00:00","description":"Apprenez comment le livre Moi aussi je mange m\u00e9dias aide les personnes atteintes de dysphagie \u00e0 mieux manger avec des recettes adapt\u00e9es.","breadcrumb":{"@id":"https:\/\/www.moiaussijemange.ca\/?page_id=1467#breadcrumb"},"inLanguage":"fr-FR","potentialAction":[{"@type":"ReadAction","target":["https:\/\/www.moiaussijemange.ca\/?page_id=1467"]}]},{"@type":"ImageObject","inLanguage":"fr-FR","@id":"https:\/\/www.moiaussijemange.ca\/?page_id=1467#primaryimage","url":"https:\/\/images.wakelet.com\/resize?id=c89LDtd-umguBq9uWixOi&amp;w=3840&amp;h=2880&amp;q=85","contentUrl":"https:\/\/images.wakelet.com\/resize?id=c89LDtd-umguBq9uWixOi&amp;w=3840&amp;h=2880&amp;q=85"},{"@type":"BreadcrumbList","@id":"https:\/\/www.moiaussijemange.ca\/?page_id=1467#breadcrumb","itemListElement":[{"@type":"ListItem","position":1,"name":"Home","item":"https:\/\/www.moiaussijemange.ca\/"},{"@type":"ListItem","position":2,"name":"M\u00e9dias et Vid\u00e9os"}]},{"@type":"WebSite","@id":"https:\/\/www.moiaussijemange.ca\/#website","url":"https:\/\/www.moiaussijemange.ca\/","name":"Moi aussi je mange !","description":"ON MANGE D&#039;ABORD AVEC LES YEUX !                                WE EAT FIRST WITH THE EYES !","publisher":{"@id":"https:\/\/www.moiaussijemange.ca\/#\/schema\/person\/0368c0e0e931835f5151fe07fa2703e1"},"potentialAction":[{"@type":"SearchAction","target":{"@type":"EntryPoint","urlTemplate":"https:\/\/www.moiaussijemange.ca\/?s={search_term_string}"},"query-input":{"@type":"PropertyValueSpecification","valueRequired":true,"valueName":"search_term_string"}}],"inLanguage":"fr-FR"},{"@type":["Person","Organization"],"@id":"https:\/\/www.moiaussijemange.ca\/#\/schema\/person\/0368c0e0e931835f5151fe07fa2703e1","name":"France Grondin","image":{"@type":"ImageObject","inLanguage":"fr-FR","@id":"https:\/\/www.moiaussijemange.ca\/wp-content\/uploads\/2025\/05\/UNE-PAGE-MOI-JE-MANGE-cover.jpg","url":"https:\/\/www.moiaussijemange.ca\/wp-content\/uploads\/2025\/05\/UNE-PAGE-MOI-JE-MANGE-cover.jpg","contentUrl":"https:\/\/www.moiaussijemange.ca\/wp-content\/uploads\/2025\/05\/UNE-PAGE-MOI-JE-MANGE-cover.jpg","width":2354,"height":1820,"caption":"France Grondin"},"logo":{"@id":"https:\/\/www.moiaussijemange.ca\/wp-content\/uploads\/2025\/05\/UNE-PAGE-MOI-JE-MANGE-cover.jpg"},"sameAs":["http:\/\/www.moiaussijemange.ca"]}]}},"_links":{"self":[{"href":"https:\/\/www.moiaussijemange.ca\/index.php?rest_route=\/wp\/v2\/pages\/1467","targetHints":{"allow":["GET"]}}],"collection":[{"href":"https:\/\/www.moiaussijemange.ca\/index.php?rest_route=\/wp\/v2\/pages"}],"about":[{"href":"https:\/\/www.moiaussijemange.ca\/index.php?rest_route=\/wp\/v2\/types\/page"}],"author":[{"embeddable":true,"href":"https:\/\/www.moiaussijemange.ca\/index.php?rest_route=\/wp\/v2\/users\/1"}],"replies":[{"embeddable":true,"href":"https:\/\/www.moiaussijemange.ca\/index.php?rest_route=%2Fwp%2Fv2%2Fcomments&post=1467"}],"version-history":[{"count":27,"href":"https:\/\/www.moiaussijemange.ca\/index.php?rest_route=\/wp\/v2\/pages\/1467\/revisions"}],"predecessor-version":[{"id":2327,"href":"https:\/\/www.moiaussijemange.ca\/index.php?rest_route=\/wp\/v2\/pages\/1467\/revisions\/2327"}],"wp:attachment":[{"href":"https:\/\/www.moiaussijemange.ca\/index.php?rest_route=%2Fwp%2Fv2%2Fmedia&parent=1467"}],"curies":[{"name":"wp","href":"https:\/\/api.w.org\/{rel}","templated":true}]}}