{"id":298,"date":"2018-08-07T15:56:21","date_gmt":"2018-08-07T20:56:21","guid":{"rendered":"http:\/\/wpbilingual-staging.whc.ca\/?page_id=298"},"modified":"2025-05-22T08:07:05","modified_gmt":"2025-05-22T12:07:05","slug":"moi-aussi-je-mange","status":"publish","type":"page","link":"https:\/\/www.moiaussijemange.ca\/","title":{"rendered":"Accueil"},"content":{"rendered":"<h3 style=\"text-align: center;\"><strong>Bienvenue sur le site\u00a0<\/strong><\/h3>\n<h3 style=\"text-align: center;\"><a href=\"https:\/\/www.moiaussijemange.ca\/?page_id=2097\"><strong>Moi aussi je mange !<\/strong><\/a><\/h3>\n<p>&nbsp;<\/p>\n            <div class=\"oxi-addons-container noLightbox oxi-image-hover-wrapper-8 \" id=\"oxi-image-hover-wrapper-8\">\n                <div class=\"oxi-addons-row\">\n                    \n            <div class=\"oxi-image-hover-style oxi-bt-col-lg-12 oxi-bt-col-md-12 oxi-bt-col-sm-12                         \" sa-data-animation=\"zoomIn\" sa-data-animation-offset=\"100%\" sa-data-animation-delay=\"0ms\" sa-data-animation-duration=\"1000ms\">\n                <div class=\"oxi-image-hover-style-square\">\n                    <div class=\"oxi-image-hover oxi-image-square-hover oxi-image-square-hover-style-4 oxi-image-square-hover-8-9\">\n                                                    <a  href=\"#\" rel=\"nofollow\">\n                                                            <div class=\"oxi-image-hover-figure left_to_right\">\n                                <div class=\"oxi-image-hover-image\">\n                                    <img decoding=\"async\" src=\"https:\/\/www.moiaussijemange.ca\/wp-content\/uploads\/2025\/03\/on-mange-avec-les-yeux.png\" >\n                                <\/div>\n                                <div class=\"oxi-image-hover-figure-caption\">\n                                    <div class=\"oxi-image-hover-caption-tab image-hover-align-top-center\">\n                                                                            <\/div>\n                                <\/div>\n                            <\/div>\n                                                        <\/a>\n\t\t\t\t\t\t\t\t                    <\/div>\n                <\/div>\n                                <\/div>\n                                <\/div>\n            <\/div>\n\t\t\t\n<p>&nbsp;<\/p>\n<p>&nbsp;<\/p>\n<p>Ce site a \u00e9t\u00e9 sp\u00e9cialement con\u00e7u pour offrir un v\u00e9ritable espace d\u00e9di\u00e9 aux personnes atteintes de<a href=\"https:\/\/www.ooaq.qc.ca\/consulter\/orthophoniste\/dysphagie-trouble-deglutition\/\"> dysphagie<\/a>, ainsi qu&rsquo;\u00e0 leurs proches.<\/p>\n<p><a href=\"https:\/\/www.moiaussijemange.ca\/?page_id=2097\">Il repr\u00e9sente une ressource pr\u00e9cieuse<\/a> pour tous ceux qui \u00e9prouvent des difficult\u00e9s \u00e0 avaler et qui recherchent des solutions pratiques et adapt\u00e9es \u00e0 leur quotidien.<\/p>\n<p>L&rsquo;objectif principal est de fournir des informations accessibles et concr\u00e8tes.<\/p>\n<p>Cela aura pour but d&rsquo;aider chacun \u00e0 mieux comprendre cette condition et \u00e0 adopter des strat\u00e9gies efficaces pour y faire face.<\/p>\n<p>Ici, vous d\u00e9couvrirez une multitude de conseils utiles, <a href=\"https:\/\/www.moiaussijemange.ca\/?page_id=1028\">des astuces pratiques<\/a> pour r\u00e9pondre aux besoins sp\u00e9cifiques des personnes dysphagiques.<\/p>\n<p>&nbsp;<\/p>\n<h3 style=\"text-align: center;\"><a href=\"https:\/\/www.moiaussijemange.ca\/?page_id=2097\"><strong>Mais ce site ne se limite pas \u00e0 l\u2019aspect culinaire.<\/strong><\/a><\/h3>\n<p>&nbsp;<\/p>\n<p>Il ambitionne \u00e9galement d\u2019\u00eatre un guide complet de ressources visant \u00e0 am\u00e9liorer la qualit\u00e9 de vie des personnes concern\u00e9es.<\/p>\n<p>Car cela leur permettra de retrouver un certain confort et du plaisir \u00e0 chaque repas.<\/p>\n<p>Dans cette d\u00e9marche, ma mission est d\u2019apporter du soutien et un accompagnement bienveillant aux 3 millions de Canadiens, dont 560 000 vivant au Qu\u00e9bec.<\/p>\n<p>Ces personnes qui doivent composer avec la dysphagie au quotidien.<\/p>\n<p>Car en proposant des solutions pratiques, accessibles et adapt\u00e9es, j\u2019esp\u00e8re contribuer \u00e0 une alimentation plus inclusive et \u00e0 une vie quotidienne plus sereine.<\/p>\n<p>Mon engagement est clair : permettre \u00e0 chacun de retrouver le plaisir de manger sans frustration ni contrainte, et red\u00e9couvrir la convivialit\u00e9 des repas.<\/p>\n<p>N\u2019h\u00e9sitez pas \u00e0 explorer les diff\u00e9rentes sections du site,<\/p>\n<p>Parcourez les informations mises \u00e0 votre disposition et \u00e0 exp\u00e9rimenter les recettes sp\u00e9cialement con\u00e7ues pour vous.<\/p>\n<p>Vous pouvez \u00e9galement partager votre exp\u00e9rience afin d\u2019enrichir cette plateforme et d\u2019aider d\u2019autres personnes \u00e0 mieux vivre avec la <a href=\"https:\/\/www.ooaq.qc.ca\/consulter\/orthophoniste\/dysphagie-trouble-deglutition\/\">dysphagie.<\/a><\/p>\n<p>Vous \u00eates ici au bon endroit pour retrouver confiance et joie dans votre alimentation !<\/p>\n<p>On mange d&rsquo;abord avec les yeux.<\/p>\n<p>&nbsp;<\/p>\n<p>&nbsp;<\/p>\n<p><img loading=\"lazy\" decoding=\"async\" class=\"size-medium wp-image-1608 aligncenter\" src=\"https:\/\/www.moiaussijemange.ca\/wp-content\/uploads\/2025\/04\/logo-bas-fr-300x101.png\" alt=\"\" width=\"300\" height=\"101\" srcset=\"https:\/\/www.moiaussijemange.ca\/wp-content\/uploads\/2025\/04\/logo-bas-fr-300x101.png 300w, https:\/\/www.moiaussijemange.ca\/wp-content\/uploads\/2025\/04\/logo-bas-fr.png 627w\" sizes=\"auto, (max-width: 300px) 100vw, 300px\" \/><img loading=\"lazy\" decoding=\"async\" class=\"aligncenter wp-image-1017 size-medium\" src=\"https:\/\/www.moiaussijemange.ca\/wp-content\/uploads\/2025\/03\/iconelogo-300x80.png\" alt=\"menu\" width=\"300\" height=\"80\" srcset=\"https:\/\/www.moiaussijemange.ca\/wp-content\/uploads\/2025\/03\/iconelogo-300x80.png 300w, https:\/\/www.moiaussijemange.ca\/wp-content\/uploads\/2025\/03\/iconelogo-768x204.png 768w, https:\/\/www.moiaussijemange.ca\/wp-content\/uploads\/2025\/03\/iconelogo.png 982w\" sizes=\"auto, (max-width: 300px) 100vw, 300px\" \/><\/p>\n<p>&nbsp;<\/p>\n<p>&nbsp;<\/p>\n<p><strong>France Grondin (Auteure)<\/strong><\/p>\n<p><!--EndFragment --><\/p>\n<figure><\/figure>\n","protected":false},"excerpt":{"rendered":"<p>Bienvenue sur le site\u00a0 Moi aussi je mange ! &nbsp; &nbsp; &nbsp; Ce site a \u00e9t\u00e9 sp\u00e9cialement con\u00e7u pour offrir un v\u00e9ritable espace d\u00e9di\u00e9 aux personnes atteintes de dysphagie, ainsi qu&rsquo;\u00e0 leurs proches. Il repr\u00e9sente une ressource pr\u00e9cieuse pour tous ceux qui \u00e9prouvent des difficult\u00e9s \u00e0 avaler et qui recherchent des solutions pratiques et adapt\u00e9es<span class=\"excerpt-ellipsis\">&#8230;<\/span><\/p>\n<p><a class=\"more-link\" href=\"https:\/\/www.moiaussijemange.ca\/\" itemprop=\"url\">Continue Reading<\/a><\/p>\n","protected":false},"author":1,"featured_media":0,"parent":0,"menu_order":0,"comment_status":"closed","ping_status":"open","template":"","meta":{"footnotes":""},"class_list":["post-298","page","type-page","status-publish","hentry"],"yoast_head":"<!-- This site is optimized with the Yoast SEO Premium plugin v27.3 (Yoast SEO v27.3) - https:\/\/yoast.com\/product\/yoast-seo-premium-wordpress\/ -->\n<title>Recettes savoureuses pour manger mou facilement<\/title>\n<meta name=\"description\" content=\"D\u00e9couvrez des recettes savoureuses pour manger mou, adapt\u00e9es aux besoins des personnes atteintes de dysphagie.\" \/>\n<meta name=\"robots\" content=\"index, follow, max-snippet:-1, max-image-preview:large, max-video-preview:-1\" \/>\n<link rel=\"canonical\" href=\"https:\/\/www.moiaussijemange.ca\/\" \/>\n<meta property=\"og:locale\" content=\"fr_FR\" \/>\n<meta property=\"og:type\" content=\"article\" \/>\n<meta property=\"og:title\" content=\"Accueil moi aussi je mange\" \/>\n<meta property=\"og:description\" content=\"D\u00e9couvrez des recettes savoureuses pour manger mou, id\u00e9ales pour ceux qui souffrent de dysphagie et qui cherchent des solutions pratiques.\" \/>\n<meta property=\"og:url\" content=\"https:\/\/www.moiaussijemange.ca\/\" \/>\n<meta property=\"article:modified_time\" content=\"2025-05-22T12:07:05+00:00\" \/>\n<meta property=\"og:image\" content=\"https:\/\/www.moiaussijemange.ca\/wp-content\/uploads\/2025\/04\/logo-bas-fr-300x101.png\" \/>\n<meta name=\"twitter:card\" content=\"summary_large_image\" \/>\n<meta name=\"twitter:title\" content=\"Accueil\" \/>\n<meta name=\"twitter:label1\" content=\"Dur\u00e9e de lecture estim\u00e9e\" \/>\n\t<meta name=\"twitter:data1\" content=\"2 minutes\" \/>\n<script type=\"application\/ld+json\" class=\"yoast-schema-graph\">{\"@context\":\"https:\\\/\\\/schema.org\",\"@graph\":[{\"@type\":\"WebPage\",\"@id\":\"https:\\\/\\\/www.moiaussijemange.ca\\\/\",\"url\":\"https:\\\/\\\/www.moiaussijemange.ca\\\/\",\"name\":\"Recettes savoureuses pour manger mou facilement\",\"isPartOf\":{\"@id\":\"https:\\\/\\\/www.moiaussijemange.ca\\\/#website\"},\"primaryImageOfPage\":{\"@id\":\"https:\\\/\\\/www.moiaussijemange.ca\\\/#primaryimage\"},\"image\":{\"@id\":\"https:\\\/\\\/www.moiaussijemange.ca\\\/#primaryimage\"},\"thumbnailUrl\":\"https:\\\/\\\/www.moiaussijemange.ca\\\/wp-content\\\/uploads\\\/2025\\\/04\\\/logo-bas-fr-300x101.png\",\"datePublished\":\"2018-08-07T20:56:21+00:00\",\"dateModified\":\"2025-05-22T12:07:05+00:00\",\"description\":\"D\u00e9couvrez des recettes savoureuses pour manger mou, adapt\u00e9es aux besoins des personnes atteintes de dysphagie.\",\"breadcrumb\":{\"@id\":\"https:\\\/\\\/www.moiaussijemange.ca\\\/#breadcrumb\"},\"inLanguage\":\"fr-FR\",\"potentialAction\":[{\"@type\":\"ReadAction\",\"target\":[\"https:\\\/\\\/www.moiaussijemange.ca\\\/\"]}]},{\"@type\":\"ImageObject\",\"inLanguage\":\"fr-FR\",\"@id\":\"https:\\\/\\\/www.moiaussijemange.ca\\\/#primaryimage\",\"url\":\"https:\\\/\\\/www.moiaussijemange.ca\\\/wp-content\\\/uploads\\\/2025\\\/04\\\/logo-bas-fr.png\",\"contentUrl\":\"https:\\\/\\\/www.moiaussijemange.ca\\\/wp-content\\\/uploads\\\/2025\\\/04\\\/logo-bas-fr.png\",\"width\":627,\"height\":211},{\"@type\":\"BreadcrumbList\",\"@id\":\"https:\\\/\\\/www.moiaussijemange.ca\\\/#breadcrumb\",\"itemListElement\":[{\"@type\":\"ListItem\",\"position\":1,\"name\":\"Home\",\"item\":\"https:\\\/\\\/www.moiaussijemange.ca\\\/\"},{\"@type\":\"ListItem\",\"position\":2,\"name\":\"Accueil\"}]},{\"@type\":\"WebSite\",\"@id\":\"https:\\\/\\\/www.moiaussijemange.ca\\\/#website\",\"url\":\"https:\\\/\\\/www.moiaussijemange.ca\\\/\",\"name\":\"Moi aussi je mange !\",\"description\":\"ON MANGE D&#039;ABORD AVEC LES YEUX !                                WE EAT FIRST WITH THE EYES !\",\"publisher\":{\"@id\":\"https:\\\/\\\/www.moiaussijemange.ca\\\/#\\\/schema\\\/person\\\/0368c0e0e931835f5151fe07fa2703e1\"},\"potentialAction\":[{\"@type\":\"SearchAction\",\"target\":{\"@type\":\"EntryPoint\",\"urlTemplate\":\"https:\\\/\\\/www.moiaussijemange.ca\\\/?s={search_term_string}\"},\"query-input\":{\"@type\":\"PropertyValueSpecification\",\"valueRequired\":true,\"valueName\":\"search_term_string\"}}],\"inLanguage\":\"fr-FR\"},{\"@type\":[\"Person\",\"Organization\"],\"@id\":\"https:\\\/\\\/www.moiaussijemange.ca\\\/#\\\/schema\\\/person\\\/0368c0e0e931835f5151fe07fa2703e1\",\"name\":\"France Grondin\",\"image\":{\"@type\":\"ImageObject\",\"inLanguage\":\"fr-FR\",\"@id\":\"https:\\\/\\\/www.moiaussijemange.ca\\\/wp-content\\\/uploads\\\/2025\\\/05\\\/UNE-PAGE-MOI-JE-MANGE-cover.jpg\",\"url\":\"https:\\\/\\\/www.moiaussijemange.ca\\\/wp-content\\\/uploads\\\/2025\\\/05\\\/UNE-PAGE-MOI-JE-MANGE-cover.jpg\",\"contentUrl\":\"https:\\\/\\\/www.moiaussijemange.ca\\\/wp-content\\\/uploads\\\/2025\\\/05\\\/UNE-PAGE-MOI-JE-MANGE-cover.jpg\",\"width\":2354,\"height\":1820,\"caption\":\"France Grondin\"},\"logo\":{\"@id\":\"https:\\\/\\\/www.moiaussijemange.ca\\\/wp-content\\\/uploads\\\/2025\\\/05\\\/UNE-PAGE-MOI-JE-MANGE-cover.jpg\"},\"sameAs\":[\"http:\\\/\\\/www.moiaussijemange.ca\"]}]}<\/script>\n<!-- \/ Yoast SEO Premium plugin. -->","yoast_head_json":{"title":"Recettes savoureuses pour manger mou facilement","description":"D\u00e9couvrez des recettes savoureuses pour manger mou, adapt\u00e9es aux besoins des personnes atteintes de dysphagie.","robots":{"index":"index","follow":"follow","max-snippet":"max-snippet:-1","max-image-preview":"max-image-preview:large","max-video-preview":"max-video-preview:-1"},"canonical":"https:\/\/www.moiaussijemange.ca\/","og_locale":"fr_FR","og_type":"article","og_title":"Accueil moi aussi je mange","og_description":"D\u00e9couvrez des recettes savoureuses pour manger mou, id\u00e9ales pour ceux qui souffrent de dysphagie et qui cherchent des solutions pratiques.","og_url":"https:\/\/www.moiaussijemange.ca\/","article_modified_time":"2025-05-22T12:07:05+00:00","og_image":[{"url":"https:\/\/www.moiaussijemange.ca\/wp-content\/uploads\/2025\/04\/logo-bas-fr-300x101.png","type":"","width":"","height":""}],"twitter_card":"summary_large_image","twitter_title":"Accueil","twitter_misc":{"Dur\u00e9e de lecture estim\u00e9e":"2 minutes"},"schema":{"@context":"https:\/\/schema.org","@graph":[{"@type":"WebPage","@id":"https:\/\/www.moiaussijemange.ca\/","url":"https:\/\/www.moiaussijemange.ca\/","name":"Recettes savoureuses pour manger mou facilement","isPartOf":{"@id":"https:\/\/www.moiaussijemange.ca\/#website"},"primaryImageOfPage":{"@id":"https:\/\/www.moiaussijemange.ca\/#primaryimage"},"image":{"@id":"https:\/\/www.moiaussijemange.ca\/#primaryimage"},"thumbnailUrl":"https:\/\/www.moiaussijemange.ca\/wp-content\/uploads\/2025\/04\/logo-bas-fr-300x101.png","datePublished":"2018-08-07T20:56:21+00:00","dateModified":"2025-05-22T12:07:05+00:00","description":"D\u00e9couvrez des recettes savoureuses pour manger mou, adapt\u00e9es aux besoins des personnes atteintes de dysphagie.","breadcrumb":{"@id":"https:\/\/www.moiaussijemange.ca\/#breadcrumb"},"inLanguage":"fr-FR","potentialAction":[{"@type":"ReadAction","target":["https:\/\/www.moiaussijemange.ca\/"]}]},{"@type":"ImageObject","inLanguage":"fr-FR","@id":"https:\/\/www.moiaussijemange.ca\/#primaryimage","url":"https:\/\/www.moiaussijemange.ca\/wp-content\/uploads\/2025\/04\/logo-bas-fr.png","contentUrl":"https:\/\/www.moiaussijemange.ca\/wp-content\/uploads\/2025\/04\/logo-bas-fr.png","width":627,"height":211},{"@type":"BreadcrumbList","@id":"https:\/\/www.moiaussijemange.ca\/#breadcrumb","itemListElement":[{"@type":"ListItem","position":1,"name":"Home","item":"https:\/\/www.moiaussijemange.ca\/"},{"@type":"ListItem","position":2,"name":"Accueil"}]},{"@type":"WebSite","@id":"https:\/\/www.moiaussijemange.ca\/#website","url":"https:\/\/www.moiaussijemange.ca\/","name":"Moi aussi je mange !","description":"ON MANGE D&#039;ABORD AVEC LES YEUX !                                WE EAT FIRST WITH THE EYES !","publisher":{"@id":"https:\/\/www.moiaussijemange.ca\/#\/schema\/person\/0368c0e0e931835f5151fe07fa2703e1"},"potentialAction":[{"@type":"SearchAction","target":{"@type":"EntryPoint","urlTemplate":"https:\/\/www.moiaussijemange.ca\/?s={search_term_string}"},"query-input":{"@type":"PropertyValueSpecification","valueRequired":true,"valueName":"search_term_string"}}],"inLanguage":"fr-FR"},{"@type":["Person","Organization"],"@id":"https:\/\/www.moiaussijemange.ca\/#\/schema\/person\/0368c0e0e931835f5151fe07fa2703e1","name":"France Grondin","image":{"@type":"ImageObject","inLanguage":"fr-FR","@id":"https:\/\/www.moiaussijemange.ca\/wp-content\/uploads\/2025\/05\/UNE-PAGE-MOI-JE-MANGE-cover.jpg","url":"https:\/\/www.moiaussijemange.ca\/wp-content\/uploads\/2025\/05\/UNE-PAGE-MOI-JE-MANGE-cover.jpg","contentUrl":"https:\/\/www.moiaussijemange.ca\/wp-content\/uploads\/2025\/05\/UNE-PAGE-MOI-JE-MANGE-cover.jpg","width":2354,"height":1820,"caption":"France Grondin"},"logo":{"@id":"https:\/\/www.moiaussijemange.ca\/wp-content\/uploads\/2025\/05\/UNE-PAGE-MOI-JE-MANGE-cover.jpg"},"sameAs":["http:\/\/www.moiaussijemange.ca"]}]}},"_links":{"self":[{"href":"https:\/\/www.moiaussijemange.ca\/index.php?rest_route=\/wp\/v2\/pages\/298","targetHints":{"allow":["GET"]}}],"collection":[{"href":"https:\/\/www.moiaussijemange.ca\/index.php?rest_route=\/wp\/v2\/pages"}],"about":[{"href":"https:\/\/www.moiaussijemange.ca\/index.php?rest_route=\/wp\/v2\/types\/page"}],"author":[{"embeddable":true,"href":"https:\/\/www.moiaussijemange.ca\/index.php?rest_route=\/wp\/v2\/users\/1"}],"replies":[{"embeddable":true,"href":"https:\/\/www.moiaussijemange.ca\/index.php?rest_route=%2Fwp%2Fv2%2Fcomments&post=298"}],"version-history":[{"count":71,"href":"https:\/\/www.moiaussijemange.ca\/index.php?rest_route=\/wp\/v2\/pages\/298\/revisions"}],"predecessor-version":[{"id":2302,"href":"https:\/\/www.moiaussijemange.ca\/index.php?rest_route=\/wp\/v2\/pages\/298\/revisions\/2302"}],"wp:attachment":[{"href":"https:\/\/www.moiaussijemange.ca\/index.php?rest_route=%2Fwp%2Fv2%2Fmedia&parent=298"}],"curies":[{"name":"wp","href":"https:\/\/api.w.org\/{rel}","templated":true}]}}