{"id":535,"date":"2025-01-06T17:38:41","date_gmt":"2025-01-06T21:38:41","guid":{"rendered":"https:\/\/www.moiaussijemange.ca\/?page_id=535"},"modified":"2025-05-22T10:28:08","modified_gmt":"2025-05-22T14:28:08","slug":"contact","status":"publish","type":"page","link":"https:\/\/www.moiaussijemange.ca\/?page_id=535&lang=en","title":{"rendered":"Contact me"},"content":{"rendered":"<!--StartFragment -->\r\n<p>&nbsp;<\/p>\r\n<p><img loading=\"lazy\" decoding=\"async\" class=\"size-full wp-image-2160 aligncenter\" src=\"https:\/\/www.moiaussijemange.ca\/wp-content\/uploads\/2025\/05\/ustensile2.png\" alt=\"\" width=\"225\" height=\"225\" srcset=\"https:\/\/www.moiaussijemange.ca\/wp-content\/uploads\/2025\/05\/ustensile2.png 225w, https:\/\/www.moiaussijemange.ca\/wp-content\/uploads\/2025\/05\/ustensile2-150x150.png 150w, https:\/\/www.moiaussijemange.ca\/wp-content\/uploads\/2025\/05\/ustensile2-100x100.png 100w\" sizes=\"auto, (max-width: 225px) 100vw, 225px\" \/><\/p>\r\n<h3 style=\"text-align: center;\">\u00a0<\/h3>\r\n<h3 style=\"text-align: center;\"><strong><a href=\"https:\/\/www.moiaussijemange.ca\/?page_id=2080&amp;lang=en\">COOKING IS AN ART<\/a> meant to be shared\u2014an endless source of joy and discovery.<\/strong><\/h3>\r\n<p>&nbsp;<\/p>\r\n<p><!--StartFragment --><\/p>\r\n<p><a href=\"https:\/\/www.moiaussijemange.ca\/?page_id=2080&amp;lang=en\">Every pur\u00e9e recipe I present in my book<strong> <em>I can eat Too !<\/em> <\/strong><\/a>is designed to be simple to make, with accessible ingredients and clear steps.<\/p>\r\n<p>Whether you&rsquo;re a beginner or a food enthusiast, these culinary ideas will spark your creativity and enhance your cooking experience.<\/p>\r\n<p>Or maybe you&rsquo;d like to share your thoughts on a recipe you&rsquo;ve tried?<\/p>\r\n<p>&nbsp;<\/p>\r\n<h3 style=\"text-align: center;\"><strong>YOUR FEEDBACK MATTERS TO ME!<\/strong><\/h3>\r\n<p>&nbsp;<\/p>\r\n<p>I always enjoy discussing cooking and improving recipes with your ideas and suggestions.<\/p>\r\n<p>Cooking is an ever-evolving field, and your feedback allows us to explore it even further.<\/p>\r\n<p>Ask your questions, share your ideas, or express your impressions.<\/p>\r\n<p>&nbsp;<\/p>\r\n<h3 style=\"text-align: center;\"><strong>So don\u2019t hesitate to reach out!<\/strong><\/h3>\r\n<p>&nbsp;<\/p>\r\n<p><a href=\"https:\/\/www.moiaussijemange.ca\/?page_id=1781&amp;lang=en\"><strong>Do you have a question about a specific technique or ingredient?<\/strong><\/a><\/p>\r\n<p><strong>Want to share a suggestion for improving a recipe or discovering new ones?<\/strong><\/p>\r\n<p>&nbsp;<\/p>\r\n<h3 style=\"text-align: center;\"><strong>\u00a0I\u2019d love to hear from you!<\/strong><\/h3>\r\n<p>&nbsp;<\/p>\r\n<p>Every comment is an opportunity to learn, discover, and make each dish even more delicious.<\/p>\r\n<p>Get your stoves, pots, and food processor ready, and see you soon for new culinary inspirations!<\/p>\r\n<p><!--EndFragment --><\/p>\r\n<p>&nbsp;<\/p>\r\n<p>Email: <a href=\"mailto:moiaussijemange@gmail.com\">moiaussijemange@gmail.com<\/a><\/p>\r\n<!--EndFragment -->\r\n<p>&nbsp;<\/p>\r\n<p><img loading=\"lazy\" decoding=\"async\" class=\" wp-image-492 aligncenter\" src=\"https:\/\/www.moiaussijemange.ca\/wp-content\/uploads\/2024\/12\/PHOTO-MOI-240x300.png\" alt=\"\" width=\"190\" height=\"238\" srcset=\"https:\/\/www.moiaussijemange.ca\/wp-content\/uploads\/2024\/12\/PHOTO-MOI-240x300.png 240w, https:\/\/www.moiaussijemange.ca\/wp-content\/uploads\/2024\/12\/PHOTO-MOI-400x500.png 400w, https:\/\/www.moiaussijemange.ca\/wp-content\/uploads\/2024\/12\/PHOTO-MOI.png 512w\" sizes=\"auto, (max-width: 190px) 100vw, 190px\" \/><\/p>\r\n<p>&nbsp;<\/p>\r\n<p>\r\n\r\n<\/p>\r\n\r\n\r\n","protected":false},"excerpt":{"rendered":"<p>&nbsp; \u00a0 COOKING IS AN ART meant to be shared\u2014an endless source of joy and discovery. &nbsp; Every pur\u00e9e recipe I present in my book I can eat Too ! is designed to be simple to make, with accessible ingredients and clear steps. Whether you&rsquo;re a beginner or a food enthusiast, these culinary ideas will<span class=\"excerpt-ellipsis\">&#8230;<\/span><\/p>\n<p><a class=\"more-link\" href=\"https:\/\/www.moiaussijemange.ca\/?page_id=535&#038;lang=en\" itemprop=\"url\">Continue Reading<\/a><\/p>\n","protected":false},"author":1,"featured_media":0,"parent":1182,"menu_order":0,"comment_status":"closed","ping_status":"closed","template":"","meta":{"footnotes":""},"class_list":["post-535","page","type-page","status-publish","hentry"],"yoast_head":"<!-- This site is optimized with the Yoast SEO Premium plugin v27.3 (Yoast SEO v27.3) - https:\/\/yoast.com\/product\/yoast-seo-premium-wordpress\/ -->\n<title>Commander un Livre pour Enrichir Votre Cuisine -<\/title>\n<meta name=\"description\" content=\"Commandez un livre de cuisine et explorez des recettes faciles \u00e0 r\u00e9aliser. Am\u00e9liorez vos comp\u00e9tences culinaires d\u00e8s aujourd&#039;hui.\" \/>\n<meta name=\"robots\" content=\"index, follow, max-snippet:-1, max-image-preview:large, max-video-preview:-1\" \/>\n<link rel=\"canonical\" href=\"https:\/\/www.moiaussijemange.ca\/?page_id=535\" \/>\n<meta property=\"og:locale\" content=\"fr_FR\" \/>\n<meta property=\"og:type\" content=\"article\" \/>\n<meta property=\"og:title\" content=\"Contact me\" \/>\n<meta property=\"og:description\" content=\"Commandez un livre de cuisine et explorez des recettes faciles \u00e0 r\u00e9aliser. Am\u00e9liorez vos comp\u00e9tences culinaires d\u00e8s aujourd&#039;hui.\" \/>\n<meta property=\"og:url\" content=\"https:\/\/www.moiaussijemange.ca\/?page_id=535&amp;lang=en\" \/>\n<meta property=\"article:modified_time\" content=\"2025-05-22T14:28:08+00:00\" \/>\n<meta property=\"og:image\" content=\"https:\/\/www.moiaussijemange.ca\/wp-content\/uploads\/2025\/05\/ustensile2.png\" \/>\n\t<meta property=\"og:image:width\" content=\"225\" \/>\n\t<meta property=\"og:image:height\" content=\"225\" \/>\n\t<meta property=\"og:image:type\" content=\"image\/png\" \/>\n<meta name=\"twitter:card\" content=\"summary_large_image\" \/>\n<meta name=\"twitter:label1\" content=\"Dur\u00e9e de lecture estim\u00e9e\" \/>\n\t<meta name=\"twitter:data1\" content=\"2 minutes\" \/>\n<script type=\"application\/ld+json\" class=\"yoast-schema-graph\">{\"@context\":\"https:\\\/\\\/schema.org\",\"@graph\":[{\"@type\":\"WebPage\",\"@id\":\"https:\\\/\\\/www.moiaussijemange.ca\\\/?page_id=535&lang=en\",\"url\":\"https:\\\/\\\/www.moiaussijemange.ca\\\/?page_id=535&lang=en\",\"name\":\"Commander un Livre pour Enrichir Votre Cuisine -\",\"isPartOf\":{\"@id\":\"https:\\\/\\\/www.moiaussijemange.ca\\\/#website\"},\"primaryImageOfPage\":{\"@id\":\"https:\\\/\\\/www.moiaussijemange.ca\\\/?page_id=535&lang=en#primaryimage\"},\"image\":{\"@id\":\"https:\\\/\\\/www.moiaussijemange.ca\\\/?page_id=535&lang=en#primaryimage\"},\"thumbnailUrl\":\"https:\\\/\\\/www.moiaussijemange.ca\\\/wp-content\\\/uploads\\\/2025\\\/05\\\/ustensile2.png\",\"datePublished\":\"2025-01-06T21:38:41+00:00\",\"dateModified\":\"2025-05-22T14:28:08+00:00\",\"description\":\"Commandez un livre de cuisine et explorez des recettes faciles \u00e0 r\u00e9aliser. Am\u00e9liorez vos comp\u00e9tences culinaires d\u00e8s aujourd'hui.\",\"breadcrumb\":{\"@id\":\"https:\\\/\\\/www.moiaussijemange.ca\\\/?page_id=535&lang=en#breadcrumb\"},\"inLanguage\":\"fr-FR\",\"potentialAction\":[{\"@type\":\"ReadAction\",\"target\":[\"https:\\\/\\\/www.moiaussijemange.ca\\\/?page_id=535&lang=en\"]}]},{\"@type\":\"ImageObject\",\"inLanguage\":\"fr-FR\",\"@id\":\"https:\\\/\\\/www.moiaussijemange.ca\\\/?page_id=535&lang=en#primaryimage\",\"url\":\"https:\\\/\\\/www.moiaussijemange.ca\\\/wp-content\\\/uploads\\\/2025\\\/05\\\/ustensile2.png\",\"contentUrl\":\"https:\\\/\\\/www.moiaussijemange.ca\\\/wp-content\\\/uploads\\\/2025\\\/05\\\/ustensile2.png\",\"width\":225,\"height\":225},{\"@type\":\"BreadcrumbList\",\"@id\":\"https:\\\/\\\/www.moiaussijemange.ca\\\/?page_id=535&lang=en#breadcrumb\",\"itemListElement\":[{\"@type\":\"ListItem\",\"position\":1,\"name\":\"Home\",\"item\":\"https:\\\/\\\/www.moiaussijemange.ca\\\/\"},{\"@type\":\"ListItem\",\"position\":2,\"name\":\"Home\",\"item\":\"https:\\\/\\\/www.moiaussijemange.ca\\\/\"},{\"@type\":\"ListItem\",\"position\":3,\"name\":\"Contact me\"}]},{\"@type\":\"WebSite\",\"@id\":\"https:\\\/\\\/www.moiaussijemange.ca\\\/#website\",\"url\":\"https:\\\/\\\/www.moiaussijemange.ca\\\/\",\"name\":\"Moi aussi je mange !\",\"description\":\"ON MANGE D&#039;ABORD AVEC LES YEUX !                                WE EAT FIRST WITH THE EYES !\",\"publisher\":{\"@id\":\"https:\\\/\\\/www.moiaussijemange.ca\\\/#\\\/schema\\\/person\\\/0368c0e0e931835f5151fe07fa2703e1\"},\"potentialAction\":[{\"@type\":\"SearchAction\",\"target\":{\"@type\":\"EntryPoint\",\"urlTemplate\":\"https:\\\/\\\/www.moiaussijemange.ca\\\/?s={search_term_string}\"},\"query-input\":{\"@type\":\"PropertyValueSpecification\",\"valueRequired\":true,\"valueName\":\"search_term_string\"}}],\"inLanguage\":\"fr-FR\"},{\"@type\":[\"Person\",\"Organization\"],\"@id\":\"https:\\\/\\\/www.moiaussijemange.ca\\\/#\\\/schema\\\/person\\\/0368c0e0e931835f5151fe07fa2703e1\",\"name\":\"France Grondin\",\"image\":{\"@type\":\"ImageObject\",\"inLanguage\":\"fr-FR\",\"@id\":\"https:\\\/\\\/www.moiaussijemange.ca\\\/wp-content\\\/uploads\\\/2025\\\/05\\\/UNE-PAGE-MOI-JE-MANGE-cover.jpg\",\"url\":\"https:\\\/\\\/www.moiaussijemange.ca\\\/wp-content\\\/uploads\\\/2025\\\/05\\\/UNE-PAGE-MOI-JE-MANGE-cover.jpg\",\"contentUrl\":\"https:\\\/\\\/www.moiaussijemange.ca\\\/wp-content\\\/uploads\\\/2025\\\/05\\\/UNE-PAGE-MOI-JE-MANGE-cover.jpg\",\"width\":2354,\"height\":1820,\"caption\":\"France Grondin\"},\"logo\":{\"@id\":\"https:\\\/\\\/www.moiaussijemange.ca\\\/wp-content\\\/uploads\\\/2025\\\/05\\\/UNE-PAGE-MOI-JE-MANGE-cover.jpg\"},\"sameAs\":[\"http:\\\/\\\/www.moiaussijemange.ca\"]}]}<\/script>\n<!-- \/ Yoast SEO Premium plugin. -->","yoast_head_json":{"title":"Commander un Livre pour Enrichir Votre Cuisine -","description":"Commandez un livre de cuisine et explorez des recettes faciles \u00e0 r\u00e9aliser. Am\u00e9liorez vos comp\u00e9tences culinaires d\u00e8s aujourd'hui.","robots":{"index":"index","follow":"follow","max-snippet":"max-snippet:-1","max-image-preview":"max-image-preview:large","max-video-preview":"max-video-preview:-1"},"canonical":"https:\/\/www.moiaussijemange.ca\/?page_id=535","og_locale":"fr_FR","og_type":"article","og_title":"Contact me","og_description":"Commandez un livre de cuisine et explorez des recettes faciles \u00e0 r\u00e9aliser. Am\u00e9liorez vos comp\u00e9tences culinaires d\u00e8s aujourd'hui.","og_url":"https:\/\/www.moiaussijemange.ca\/?page_id=535&lang=en","article_modified_time":"2025-05-22T14:28:08+00:00","og_image":[{"width":225,"height":225,"url":"https:\/\/www.moiaussijemange.ca\/wp-content\/uploads\/2025\/05\/ustensile2.png","type":"image\/png"}],"twitter_card":"summary_large_image","twitter_misc":{"Dur\u00e9e de lecture estim\u00e9e":"2 minutes"},"schema":{"@context":"https:\/\/schema.org","@graph":[{"@type":"WebPage","@id":"https:\/\/www.moiaussijemange.ca\/?page_id=535&lang=en","url":"https:\/\/www.moiaussijemange.ca\/?page_id=535&lang=en","name":"Commander un Livre pour Enrichir Votre Cuisine -","isPartOf":{"@id":"https:\/\/www.moiaussijemange.ca\/#website"},"primaryImageOfPage":{"@id":"https:\/\/www.moiaussijemange.ca\/?page_id=535&lang=en#primaryimage"},"image":{"@id":"https:\/\/www.moiaussijemange.ca\/?page_id=535&lang=en#primaryimage"},"thumbnailUrl":"https:\/\/www.moiaussijemange.ca\/wp-content\/uploads\/2025\/05\/ustensile2.png","datePublished":"2025-01-06T21:38:41+00:00","dateModified":"2025-05-22T14:28:08+00:00","description":"Commandez un livre de cuisine et explorez des recettes faciles \u00e0 r\u00e9aliser. Am\u00e9liorez vos comp\u00e9tences culinaires d\u00e8s aujourd'hui.","breadcrumb":{"@id":"https:\/\/www.moiaussijemange.ca\/?page_id=535&lang=en#breadcrumb"},"inLanguage":"fr-FR","potentialAction":[{"@type":"ReadAction","target":["https:\/\/www.moiaussijemange.ca\/?page_id=535&lang=en"]}]},{"@type":"ImageObject","inLanguage":"fr-FR","@id":"https:\/\/www.moiaussijemange.ca\/?page_id=535&lang=en#primaryimage","url":"https:\/\/www.moiaussijemange.ca\/wp-content\/uploads\/2025\/05\/ustensile2.png","contentUrl":"https:\/\/www.moiaussijemange.ca\/wp-content\/uploads\/2025\/05\/ustensile2.png","width":225,"height":225},{"@type":"BreadcrumbList","@id":"https:\/\/www.moiaussijemange.ca\/?page_id=535&lang=en#breadcrumb","itemListElement":[{"@type":"ListItem","position":1,"name":"Home","item":"https:\/\/www.moiaussijemange.ca\/"},{"@type":"ListItem","position":2,"name":"Home","item":"https:\/\/www.moiaussijemange.ca\/"},{"@type":"ListItem","position":3,"name":"Contact me"}]},{"@type":"WebSite","@id":"https:\/\/www.moiaussijemange.ca\/#website","url":"https:\/\/www.moiaussijemange.ca\/","name":"Moi aussi je mange !","description":"ON MANGE D&#039;ABORD AVEC LES YEUX !                                WE EAT FIRST WITH THE EYES !","publisher":{"@id":"https:\/\/www.moiaussijemange.ca\/#\/schema\/person\/0368c0e0e931835f5151fe07fa2703e1"},"potentialAction":[{"@type":"SearchAction","target":{"@type":"EntryPoint","urlTemplate":"https:\/\/www.moiaussijemange.ca\/?s={search_term_string}"},"query-input":{"@type":"PropertyValueSpecification","valueRequired":true,"valueName":"search_term_string"}}],"inLanguage":"fr-FR"},{"@type":["Person","Organization"],"@id":"https:\/\/www.moiaussijemange.ca\/#\/schema\/person\/0368c0e0e931835f5151fe07fa2703e1","name":"France Grondin","image":{"@type":"ImageObject","inLanguage":"fr-FR","@id":"https:\/\/www.moiaussijemange.ca\/wp-content\/uploads\/2025\/05\/UNE-PAGE-MOI-JE-MANGE-cover.jpg","url":"https:\/\/www.moiaussijemange.ca\/wp-content\/uploads\/2025\/05\/UNE-PAGE-MOI-JE-MANGE-cover.jpg","contentUrl":"https:\/\/www.moiaussijemange.ca\/wp-content\/uploads\/2025\/05\/UNE-PAGE-MOI-JE-MANGE-cover.jpg","width":2354,"height":1820,"caption":"France Grondin"},"logo":{"@id":"https:\/\/www.moiaussijemange.ca\/wp-content\/uploads\/2025\/05\/UNE-PAGE-MOI-JE-MANGE-cover.jpg"},"sameAs":["http:\/\/www.moiaussijemange.ca"]}]}},"_links":{"self":[{"href":"https:\/\/www.moiaussijemange.ca\/index.php?rest_route=\/wp\/v2\/pages\/535","targetHints":{"allow":["GET"]}}],"collection":[{"href":"https:\/\/www.moiaussijemange.ca\/index.php?rest_route=\/wp\/v2\/pages"}],"about":[{"href":"https:\/\/www.moiaussijemange.ca\/index.php?rest_route=\/wp\/v2\/types\/page"}],"author":[{"embeddable":true,"href":"https:\/\/www.moiaussijemange.ca\/index.php?rest_route=\/wp\/v2\/users\/1"}],"replies":[{"embeddable":true,"href":"https:\/\/www.moiaussijemange.ca\/index.php?rest_route=%2Fwp%2Fv2%2Fcomments&post=535"}],"version-history":[{"count":24,"href":"https:\/\/www.moiaussijemange.ca\/index.php?rest_route=\/wp\/v2\/pages\/535\/revisions"}],"predecessor-version":[{"id":2319,"href":"https:\/\/www.moiaussijemange.ca\/index.php?rest_route=\/wp\/v2\/pages\/535\/revisions\/2319"}],"up":[{"embeddable":true,"href":"https:\/\/www.moiaussijemange.ca\/index.php?rest_route=\/wp\/v2\/pages\/1182"}],"wp:attachment":[{"href":"https:\/\/www.moiaussijemange.ca\/index.php?rest_route=%2Fwp%2Fv2%2Fmedia&parent=535"}],"curies":[{"name":"wp","href":"https:\/\/api.w.org\/{rel}","templated":true}]}}