{"id":624,"date":"2025-03-27T08:27:08","date_gmt":"2025-03-27T12:27:08","guid":{"rendered":"https:\/\/www.moiaussijemange.ca\/?page_id=624"},"modified":"2025-05-22T06:25:33","modified_gmt":"2025-05-22T10:25:33","slug":"liens-utiles","status":"publish","type":"page","link":"https:\/\/www.moiaussijemange.ca\/?page_id=624","title":{"rendered":"Liens Utiles"},"content":{"rendered":"\r\n<h3 style=\"text-align: center;\"><strong>Liens Utiles (Cliquez sur les liens pour acc\u00e9der a leur site web)<\/strong><\/h3>\r\n<p>Voici une liste de compagnies pour acheter des moules et une liste d&rsquo;ordre professionnels pour obtenir plus d&rsquo;informations sur les maladies causant la dysphagie.<\/p>\r\n<p>&nbsp;<\/p>\r\n<h4><strong>LES MOULES<\/strong><\/h4>\r\n<h4><br \/><a title=\"\" href=\"http:\/\/boutique.ricardocuisine.com\/fr\/moule-a-12-muffins.html\"><strong>Moules Ricardo<\/strong><\/a><br \/><br \/><a href=\"https:\/\/pureefoodmolds.com\/fr\/collections\/silicone-puree-food-molds\"><strong>Puree food mold<\/strong><\/a><br \/><br \/><a href=\"https:\/\/www.hubert.com\/search\/molds?departmentSearch=All%20Departments\"><strong>Hubert<\/strong><\/a><\/h4>\r\n<h4>\r\n\r\n<\/h4>\r\n<h4>\u00a0\u00a0\u00a0\u00a0\u00a0\u00a0\u00a0\u00a0\u00a0\u00a0\u00a0\u00a0\u00a0\u00a0\u00a0\u00a0\u00a0\u00a0\u00a0\u00a0\u00a0\u00a0 \u00a0 \u00a0 \u00a0\u00a0\u00a0\u00a0\u00a0 \u00a0 \u00a0 \u00a0\u00a0 <br \/><a href=\"http:\/\/boutique.ricardocuisine.com\/fr\/moule-a-12-muffins.html\"><img loading=\"lazy\" decoding=\"async\" class=\"wp-image-1075 aligncenter\" src=\"https:\/\/www.moiaussijemange.ca\/wp-content\/uploads\/2025\/03\/moules-300x71.png\" alt=\"\" width=\"423\" height=\"100\" srcset=\"https:\/\/www.moiaussijemange.ca\/wp-content\/uploads\/2025\/03\/moules-300x71.png 300w, https:\/\/www.moiaussijemange.ca\/wp-content\/uploads\/2025\/03\/moules-768x181.png 768w, https:\/\/www.moiaussijemange.ca\/wp-content\/uploads\/2025\/03\/moules.png 968w\" sizes=\"auto, (max-width: 423px) 100vw, 423px\" \/><\/a><\/h4>\r\n<h4>\u00a0<\/h4>\r\n<h4><br \/><strong>AUTRES LIENS UTILES<\/strong><\/h4>\r\n<h4>\r\n\r\n<\/h4>\r\n<h4><br \/><a title=\"\" href=\"https:\/\/odnq.org\/\"><strong>L\u2019ORDRE DES DI\u00c9T\u00c9TISTES-NUTRITIONNISTES DU QU\u00c9BEC<\/strong><\/a><br \/><br \/><strong><a title=\"\" href=\"https:\/\/www.ooaq.qc.ca\/\">L\u2019ORDRE DES ORTHOPHONISTES ET AUDIOLOGISTES DU QU\u00c9BEC<\/a><\/strong><br \/><br \/><strong><a title=\"\" href=\"https:\/\/www.opiq.qc.ca\/\">ORDRE PROFESSIONNEL DES INHALOTH\u00c9RAPEUTES DU QU\u00c9BEC<\/a><\/strong><br \/><br \/><strong><a title=\"\" href=\"https:\/\/aqlar.org\/\">ASSOCIATION QU\u00c9B\u00c9COISE DES LARYNGECTOMIS\u00c9S DU QU\u00c9BEC<\/a><\/strong><br \/><br \/><strong><a title=\"\" href=\"https:\/\/parkinsonquebec.ca\">PARKINSON QU\u00c9BEC<\/a><\/strong><br \/><br \/><strong><a title=\"\" href=\"https:\/\/sla-quebec.ca\/\">LA SOCI\u00c9T\u00c9 DE LA SCL\u00c9ROSE LAT\u00c9RALE AMYOTROPHIQUE (SLA)<\/a><\/strong><br \/><br \/><strong><a title=\"\" href=\"https:\/\/muscle.ca\/fr\/\">DMOP QUEBEC<\/a><\/strong><br \/><br \/><strong><a title=\"\" href=\"https:\/\/assotcc.org\/\">L\u2019ASSOCIATION DES TRAUMATIS\u00c9S CRANIO-C\u00c9R\u00c9BRAUX<\/a><\/strong><br \/><br \/><strong><a title=\"\" href=\"https:\/\/www.lappui.org\/fr\/je-suis-aidant\/comprendre-la-situation-de-mon- proche\/accident-vasculaire-cerebral\/accident-vasculaire-cerebral-ressources- et-references\">AVC<\/a><\/strong><br \/><br \/><strong><a title=\"\" href=\"https:\/\/www.societealzheimerdequebec.com\/\">ALZEIHMER QU\u00c9BEC<\/a><\/strong><br \/><br \/><strong><a title=\"\" href=\"https:\/\/cancer.ca\/fr\/\">SOCI\u00c9T\u00c9 CANADIENNE DU CANCER<\/a><\/strong><\/h4>\r\n<h4>\u00a0<\/h4>\r\n<h4><a href=\"https:\/\/www.moiaussijemange.ca\/?page_id=1031\"><img loading=\"lazy\" decoding=\"async\" class=\"size-medium wp-image-1056 aligncenter\" src=\"https:\/\/www.moiaussijemange.ca\/wp-content\/uploads\/2025\/03\/on-mange-avec-les-yeux-300x89.png\" alt=\"\" width=\"300\" height=\"89\" srcset=\"https:\/\/www.moiaussijemange.ca\/wp-content\/uploads\/2025\/03\/on-mange-avec-les-yeux-300x89.png 300w, https:\/\/www.moiaussijemange.ca\/wp-content\/uploads\/2025\/03\/on-mange-avec-les-yeux.png 769w\" sizes=\"auto, (max-width: 300px) 100vw, 300px\" \/><\/a><a href=\"https:\/\/www.moiaussijemange.ca\/?page_id=2097\"><img loading=\"lazy\" decoding=\"async\" class=\"size-medium wp-image-1017 aligncenter\" src=\"https:\/\/www.moiaussijemange.ca\/wp-content\/uploads\/2025\/03\/iconelogo-300x80.png\" alt=\"\" width=\"300\" height=\"80\" srcset=\"https:\/\/www.moiaussijemange.ca\/wp-content\/uploads\/2025\/03\/iconelogo-300x80.png 300w, https:\/\/www.moiaussijemange.ca\/wp-content\/uploads\/2025\/03\/iconelogo-768x204.png 768w, https:\/\/www.moiaussijemange.ca\/wp-content\/uploads\/2025\/03\/iconelogo.png 982w\" sizes=\"auto, (max-width: 300px) 100vw, 300px\" \/><\/a><\/h4>\r\n","protected":false},"excerpt":{"rendered":"<p>Liens Utiles (Cliquez sur les liens pour acc\u00e9der a leur site web) Voici une liste de compagnies pour acheter des moules et une liste d&rsquo;ordre professionnels pour obtenir plus d&rsquo;informations sur les maladies causant la dysphagie. &nbsp; LES MOULES Moules Ricardo Puree food mold Hubert \u00a0\u00a0\u00a0\u00a0\u00a0\u00a0\u00a0\u00a0\u00a0\u00a0\u00a0\u00a0\u00a0\u00a0\u00a0\u00a0\u00a0\u00a0\u00a0\u00a0\u00a0\u00a0 \u00a0 \u00a0 \u00a0\u00a0\u00a0\u00a0\u00a0 \u00a0 \u00a0 \u00a0\u00a0 \u00a0 AUTRES LIENS<span class=\"excerpt-ellipsis\">&#8230;<\/span><\/p>\n<p><a class=\"more-link\" href=\"https:\/\/www.moiaussijemange.ca\/?page_id=624\" itemprop=\"url\">Continue Reading<\/a><\/p>\n","protected":false},"author":1,"featured_media":0,"parent":0,"menu_order":0,"comment_status":"closed","ping_status":"closed","template":"","meta":{"footnotes":""},"class_list":["post-624","page","type-page","status-publish","hentry"],"yoast_head":"<!-- This site is optimized with the Yoast SEO Premium plugin v27.3 (Yoast SEO v27.3) - https:\/\/yoast.com\/product\/yoast-seo-premium-wordpress\/ -->\n<title>Liens Utiles -<\/title>\n<meta name=\"description\" content=\"chili ricardo,moules,ricardo recette, moiaussijemange,dysphagique, recette pur\u00e9e,AVC,ALZEIHMER QU\u00c9BEC,SOCI\u00c9T\u00c9 CANADIENNE DU CANCER\" \/>\n<meta name=\"robots\" content=\"index, follow, max-snippet:-1, max-image-preview:large, max-video-preview:-1\" \/>\n<link rel=\"canonical\" href=\"https:\/\/www.moiaussijemange.ca\/?page_id=624\" \/>\n<meta property=\"og:locale\" content=\"fr_FR\" \/>\n<meta property=\"og:type\" content=\"article\" \/>\n<meta property=\"og:title\" content=\"Liens Utiles\" \/>\n<meta property=\"og:description\" content=\"chili ricardo,moules,ricardo recette, moiaussijemange,dysphagique, recette pur\u00e9e,AVC,ALZEIHMER QU\u00c9BEC,SOCI\u00c9T\u00c9 CANADIENNE DU CANCER\" \/>\n<meta property=\"og:url\" content=\"https:\/\/www.moiaussijemange.ca\/?page_id=624\" \/>\n<meta property=\"article:modified_time\" content=\"2025-05-22T10:25:33+00:00\" \/>\n<meta property=\"og:image\" content=\"https:\/\/www.moiaussijemange.ca\/wp-content\/uploads\/2025\/03\/moules.png\" \/>\n\t<meta property=\"og:image:width\" content=\"968\" \/>\n\t<meta property=\"og:image:height\" content=\"228\" \/>\n\t<meta property=\"og:image:type\" content=\"image\/png\" \/>\n<meta name=\"twitter:card\" content=\"summary_large_image\" \/>\n<meta name=\"twitter:label1\" content=\"Dur\u00e9e de lecture estim\u00e9e\" \/>\n\t<meta name=\"twitter:data1\" content=\"2 minutes\" \/>\n<script type=\"application\/ld+json\" class=\"yoast-schema-graph\">{\"@context\":\"https:\\\/\\\/schema.org\",\"@graph\":[{\"@type\":\"WebPage\",\"@id\":\"https:\\\/\\\/www.moiaussijemange.ca\\\/?page_id=624\",\"url\":\"https:\\\/\\\/www.moiaussijemange.ca\\\/?page_id=624\",\"name\":\"Liens Utiles -\",\"isPartOf\":{\"@id\":\"https:\\\/\\\/www.moiaussijemange.ca\\\/#website\"},\"primaryImageOfPage\":{\"@id\":\"https:\\\/\\\/www.moiaussijemange.ca\\\/?page_id=624#primaryimage\"},\"image\":{\"@id\":\"https:\\\/\\\/www.moiaussijemange.ca\\\/?page_id=624#primaryimage\"},\"thumbnailUrl\":\"https:\\\/\\\/www.moiaussijemange.ca\\\/wp-content\\\/uploads\\\/2025\\\/03\\\/moules-300x71.png\",\"datePublished\":\"2025-03-27T12:27:08+00:00\",\"dateModified\":\"2025-05-22T10:25:33+00:00\",\"description\":\"chili ricardo,moules,ricardo recette, moiaussijemange,dysphagique, recette pur\u00e9e,AVC,ALZEIHMER QU\u00c9BEC,SOCI\u00c9T\u00c9 CANADIENNE DU CANCER\",\"breadcrumb\":{\"@id\":\"https:\\\/\\\/www.moiaussijemange.ca\\\/?page_id=624#breadcrumb\"},\"inLanguage\":\"fr-FR\",\"potentialAction\":[{\"@type\":\"ReadAction\",\"target\":[\"https:\\\/\\\/www.moiaussijemange.ca\\\/?page_id=624\"]}]},{\"@type\":\"ImageObject\",\"inLanguage\":\"fr-FR\",\"@id\":\"https:\\\/\\\/www.moiaussijemange.ca\\\/?page_id=624#primaryimage\",\"url\":\"https:\\\/\\\/www.moiaussijemange.ca\\\/wp-content\\\/uploads\\\/2025\\\/03\\\/moules.png\",\"contentUrl\":\"https:\\\/\\\/www.moiaussijemange.ca\\\/wp-content\\\/uploads\\\/2025\\\/03\\\/moules.png\",\"width\":968,\"height\":228},{\"@type\":\"BreadcrumbList\",\"@id\":\"https:\\\/\\\/www.moiaussijemange.ca\\\/?page_id=624#breadcrumb\",\"itemListElement\":[{\"@type\":\"ListItem\",\"position\":1,\"name\":\"Home\",\"item\":\"https:\\\/\\\/www.moiaussijemange.ca\\\/\"},{\"@type\":\"ListItem\",\"position\":2,\"name\":\"Liens Utiles\"}]},{\"@type\":\"WebSite\",\"@id\":\"https:\\\/\\\/www.moiaussijemange.ca\\\/#website\",\"url\":\"https:\\\/\\\/www.moiaussijemange.ca\\\/\",\"name\":\"Moi aussi je mange !\",\"description\":\"ON MANGE D&#039;ABORD AVEC LES YEUX !                                WE EAT FIRST WITH THE EYES !\",\"publisher\":{\"@id\":\"https:\\\/\\\/www.moiaussijemange.ca\\\/#\\\/schema\\\/person\\\/0368c0e0e931835f5151fe07fa2703e1\"},\"potentialAction\":[{\"@type\":\"SearchAction\",\"target\":{\"@type\":\"EntryPoint\",\"urlTemplate\":\"https:\\\/\\\/www.moiaussijemange.ca\\\/?s={search_term_string}\"},\"query-input\":{\"@type\":\"PropertyValueSpecification\",\"valueRequired\":true,\"valueName\":\"search_term_string\"}}],\"inLanguage\":\"fr-FR\"},{\"@type\":[\"Person\",\"Organization\"],\"@id\":\"https:\\\/\\\/www.moiaussijemange.ca\\\/#\\\/schema\\\/person\\\/0368c0e0e931835f5151fe07fa2703e1\",\"name\":\"France Grondin\",\"image\":{\"@type\":\"ImageObject\",\"inLanguage\":\"fr-FR\",\"@id\":\"https:\\\/\\\/www.moiaussijemange.ca\\\/wp-content\\\/uploads\\\/2025\\\/05\\\/UNE-PAGE-MOI-JE-MANGE-cover.jpg\",\"url\":\"https:\\\/\\\/www.moiaussijemange.ca\\\/wp-content\\\/uploads\\\/2025\\\/05\\\/UNE-PAGE-MOI-JE-MANGE-cover.jpg\",\"contentUrl\":\"https:\\\/\\\/www.moiaussijemange.ca\\\/wp-content\\\/uploads\\\/2025\\\/05\\\/UNE-PAGE-MOI-JE-MANGE-cover.jpg\",\"width\":2354,\"height\":1820,\"caption\":\"France Grondin\"},\"logo\":{\"@id\":\"https:\\\/\\\/www.moiaussijemange.ca\\\/wp-content\\\/uploads\\\/2025\\\/05\\\/UNE-PAGE-MOI-JE-MANGE-cover.jpg\"},\"sameAs\":[\"http:\\\/\\\/www.moiaussijemange.ca\"]}]}<\/script>\n<!-- \/ Yoast SEO Premium plugin. -->","yoast_head_json":{"title":"Liens Utiles -","description":"chili ricardo,moules,ricardo recette, moiaussijemange,dysphagique, recette pur\u00e9e,AVC,ALZEIHMER QU\u00c9BEC,SOCI\u00c9T\u00c9 CANADIENNE DU CANCER","robots":{"index":"index","follow":"follow","max-snippet":"max-snippet:-1","max-image-preview":"max-image-preview:large","max-video-preview":"max-video-preview:-1"},"canonical":"https:\/\/www.moiaussijemange.ca\/?page_id=624","og_locale":"fr_FR","og_type":"article","og_title":"Liens Utiles","og_description":"chili ricardo,moules,ricardo recette, moiaussijemange,dysphagique, recette pur\u00e9e,AVC,ALZEIHMER QU\u00c9BEC,SOCI\u00c9T\u00c9 CANADIENNE DU CANCER","og_url":"https:\/\/www.moiaussijemange.ca\/?page_id=624","article_modified_time":"2025-05-22T10:25:33+00:00","og_image":[{"width":968,"height":228,"url":"https:\/\/www.moiaussijemange.ca\/wp-content\/uploads\/2025\/03\/moules.png","type":"image\/png"}],"twitter_card":"summary_large_image","twitter_misc":{"Dur\u00e9e de lecture estim\u00e9e":"2 minutes"},"schema":{"@context":"https:\/\/schema.org","@graph":[{"@type":"WebPage","@id":"https:\/\/www.moiaussijemange.ca\/?page_id=624","url":"https:\/\/www.moiaussijemange.ca\/?page_id=624","name":"Liens Utiles -","isPartOf":{"@id":"https:\/\/www.moiaussijemange.ca\/#website"},"primaryImageOfPage":{"@id":"https:\/\/www.moiaussijemange.ca\/?page_id=624#primaryimage"},"image":{"@id":"https:\/\/www.moiaussijemange.ca\/?page_id=624#primaryimage"},"thumbnailUrl":"https:\/\/www.moiaussijemange.ca\/wp-content\/uploads\/2025\/03\/moules-300x71.png","datePublished":"2025-03-27T12:27:08+00:00","dateModified":"2025-05-22T10:25:33+00:00","description":"chili ricardo,moules,ricardo recette, moiaussijemange,dysphagique, recette pur\u00e9e,AVC,ALZEIHMER QU\u00c9BEC,SOCI\u00c9T\u00c9 CANADIENNE DU CANCER","breadcrumb":{"@id":"https:\/\/www.moiaussijemange.ca\/?page_id=624#breadcrumb"},"inLanguage":"fr-FR","potentialAction":[{"@type":"ReadAction","target":["https:\/\/www.moiaussijemange.ca\/?page_id=624"]}]},{"@type":"ImageObject","inLanguage":"fr-FR","@id":"https:\/\/www.moiaussijemange.ca\/?page_id=624#primaryimage","url":"https:\/\/www.moiaussijemange.ca\/wp-content\/uploads\/2025\/03\/moules.png","contentUrl":"https:\/\/www.moiaussijemange.ca\/wp-content\/uploads\/2025\/03\/moules.png","width":968,"height":228},{"@type":"BreadcrumbList","@id":"https:\/\/www.moiaussijemange.ca\/?page_id=624#breadcrumb","itemListElement":[{"@type":"ListItem","position":1,"name":"Home","item":"https:\/\/www.moiaussijemange.ca\/"},{"@type":"ListItem","position":2,"name":"Liens Utiles"}]},{"@type":"WebSite","@id":"https:\/\/www.moiaussijemange.ca\/#website","url":"https:\/\/www.moiaussijemange.ca\/","name":"Moi aussi je mange !","description":"ON MANGE D&#039;ABORD AVEC LES YEUX !                                WE EAT FIRST WITH THE EYES !","publisher":{"@id":"https:\/\/www.moiaussijemange.ca\/#\/schema\/person\/0368c0e0e931835f5151fe07fa2703e1"},"potentialAction":[{"@type":"SearchAction","target":{"@type":"EntryPoint","urlTemplate":"https:\/\/www.moiaussijemange.ca\/?s={search_term_string}"},"query-input":{"@type":"PropertyValueSpecification","valueRequired":true,"valueName":"search_term_string"}}],"inLanguage":"fr-FR"},{"@type":["Person","Organization"],"@id":"https:\/\/www.moiaussijemange.ca\/#\/schema\/person\/0368c0e0e931835f5151fe07fa2703e1","name":"France Grondin","image":{"@type":"ImageObject","inLanguage":"fr-FR","@id":"https:\/\/www.moiaussijemange.ca\/wp-content\/uploads\/2025\/05\/UNE-PAGE-MOI-JE-MANGE-cover.jpg","url":"https:\/\/www.moiaussijemange.ca\/wp-content\/uploads\/2025\/05\/UNE-PAGE-MOI-JE-MANGE-cover.jpg","contentUrl":"https:\/\/www.moiaussijemange.ca\/wp-content\/uploads\/2025\/05\/UNE-PAGE-MOI-JE-MANGE-cover.jpg","width":2354,"height":1820,"caption":"France Grondin"},"logo":{"@id":"https:\/\/www.moiaussijemange.ca\/wp-content\/uploads\/2025\/05\/UNE-PAGE-MOI-JE-MANGE-cover.jpg"},"sameAs":["http:\/\/www.moiaussijemange.ca"]}]}},"_links":{"self":[{"href":"https:\/\/www.moiaussijemange.ca\/index.php?rest_route=\/wp\/v2\/pages\/624","targetHints":{"allow":["GET"]}}],"collection":[{"href":"https:\/\/www.moiaussijemange.ca\/index.php?rest_route=\/wp\/v2\/pages"}],"about":[{"href":"https:\/\/www.moiaussijemange.ca\/index.php?rest_route=\/wp\/v2\/types\/page"}],"author":[{"embeddable":true,"href":"https:\/\/www.moiaussijemange.ca\/index.php?rest_route=\/wp\/v2\/users\/1"}],"replies":[{"embeddable":true,"href":"https:\/\/www.moiaussijemange.ca\/index.php?rest_route=%2Fwp%2Fv2%2Fcomments&post=624"}],"version-history":[{"count":15,"href":"https:\/\/www.moiaussijemange.ca\/index.php?rest_route=\/wp\/v2\/pages\/624\/revisions"}],"predecessor-version":[{"id":2279,"href":"https:\/\/www.moiaussijemange.ca\/index.php?rest_route=\/wp\/v2\/pages\/624\/revisions\/2279"}],"wp:attachment":[{"href":"https:\/\/www.moiaussijemange.ca\/index.php?rest_route=%2Fwp%2Fv2%2Fmedia&parent=624"}],"curies":[{"name":"wp","href":"https:\/\/api.w.org\/{rel}","templated":true}]}}